{"id":715,"date":"2023-07-04T09:29:06","date_gmt":"2023-07-04T09:29:06","guid":{"rendered":"https:\/\/dev4.azuratheme.com\/?page_id=715"},"modified":"2025-02-11T13:23:48","modified_gmt":"2025-02-11T12:23:48","slug":"kontakt","status":"publish","type":"page","link":"https:\/\/mariuszmoszczynski.pl\/?page_id=715","title":{"rendered":"Kontakt"},"content":{"rendered":"\t\t<div data-elementor-type=\"wp-page\" data-elementor-id=\"715\" class=\"elementor elementor-715\">\n\t\t\t\t\t\t<section class=\"elementor-section elementor-top-section elementor-element elementor-element-083e3e4 elementor-section-boxed elementor-section-height-default elementor-section-height-default\" data-id=\"083e3e4\" data-element_type=\"section\" data-settings=\"{&quot;background_background&quot;:&quot;classic&quot;}\">\n\t\t\t\t\t\t\t<div class=\"elementor-background-overlay\"><\/div>\n\t\t\t\t\t\t\t<div class=\"elementor-container elementor-column-gap-default\">\n\t\t\t\t\t<div class=\"elementor-column elementor-col-100 elementor-top-column elementor-element elementor-element-35ebc70\" data-id=\"35ebc70\" data-element_type=\"column\">\n\t\t\t<div class=\"elementor-widget-wrap elementor-element-populated\">\n\t\t\t\t\t\t<div class=\"elementor-element elementor-element-a012488 elementor-widget elementor-widget-heading\" data-id=\"a012488\" data-element_type=\"widget\" data-widget_type=\"heading.default\">\n\t\t\t\t<div class=\"elementor-widget-container\">\n\t\t\t\t\t<h2 class=\"elementor-heading-title elementor-size-default\">Kontakt<\/h2>\t\t\t\t<\/div>\n\t\t\t\t<\/div>\n\t\t\t\t<div class=\"elementor-element elementor-element-b02ff5f elementor-widget-divider--view-line elementor-widget elementor-widget-divider\" data-id=\"b02ff5f\" data-element_type=\"widget\" data-widget_type=\"divider.default\">\n\t\t\t\t<div class=\"elementor-widget-container\">\n\t\t\t\t\t\t\t<div class=\"elementor-divider\">\n\t\t\t<span class=\"elementor-divider-separator\">\n\t\t\t\t\t\t<\/span>\n\t\t<\/div>\n\t\t\t\t\t\t<\/div>\n\t\t\t\t<\/div>\n\t\t\t\t<div class=\"elementor-element elementor-element-da029dd elementor-widget elementor-widget-heading\" data-id=\"da029dd\" data-element_type=\"widget\" data-widget_type=\"heading.default\">\n\t\t\t\t<div class=\"elementor-widget-container\">\n\t\t\t\t\t<h5 class=\"elementor-heading-title elementor-size-default\">Jest mi bardzo mi\u0142o, \u017ce tu jeste\u015b! \nSkontaktuj si\u0119 ze mn\u0105, ustalimy szczeg\u00f3\u0142y naszej wsp\u00f3\u0142pracy.<\/h5>\t\t\t\t<\/div>\n\t\t\t\t<\/div>\n\t\t\t\t\t<\/div>\n\t\t<\/div>\n\t\t\t\t\t<\/div>\n\t\t<\/section>\n\t\t\t\t<section class=\"elementor-section elementor-top-section elementor-element elementor-element-c120b5e elementor-section-boxed elementor-section-height-default elementor-section-height-default\" data-id=\"c120b5e\" data-element_type=\"section\" data-settings=\"{&quot;background_background&quot;:&quot;classic&quot;}\">\n\t\t\t\t\t\t<div class=\"elementor-container elementor-column-gap-default\">\n\t\t\t\t\t<div class=\"elementor-column elementor-col-100 elementor-top-column elementor-element elementor-element-96bec77\" data-id=\"96bec77\" data-element_type=\"column\">\n\t\t\t<div class=\"elementor-widget-wrap elementor-element-populated\">\n\t\t\t\t<div class=\"elementor-element elementor-element-7228d25 e-grid e-con-boxed e-con e-parent\" data-id=\"7228d25\" data-element_type=\"container\">\n\t\t\t\t\t<div class=\"e-con-inner\">\n\t\t\t\t<div class=\"elementor-element elementor-element-afbbf95 elementor-widget elementor-widget-heading\" data-id=\"afbbf95\" data-element_type=\"widget\" data-widget_type=\"heading.default\">\n\t\t\t\t<div class=\"elementor-widget-container\">\n\t\t\t\t\t<h5 class=\"elementor-heading-title elementor-size-default\">EMAIL<\/h5>\t\t\t\t<\/div>\n\t\t\t\t<\/div>\n\t\t\t\t<div class=\"elementor-element elementor-element-2527705 elementor-widget elementor-widget-heading\" data-id=\"2527705\" data-element_type=\"widget\" data-widget_type=\"heading.default\">\n\t\t\t\t<div class=\"elementor-widget-container\">\n\t\t\t\t\t<h5 class=\"elementor-heading-title elementor-size-default\">GDZIE PRACUJ\u0118<\/h5>\t\t\t\t<\/div>\n\t\t\t\t<\/div>\n\t\t\t\t<div class=\"elementor-element elementor-element-1f7edae elementor-widget elementor-widget-heading\" data-id=\"1f7edae\" data-element_type=\"widget\" data-widget_type=\"heading.default\">\n\t\t\t\t<div class=\"elementor-widget-container\">\n\t\t\t\t\t<h5 class=\"elementor-heading-title elementor-size-default\">TELEFON<\/h5>\t\t\t\t<\/div>\n\t\t\t\t<\/div>\n\t\t\t\t<div class=\"elementor-element elementor-element-09829c1 elementor-widget elementor-widget-text-editor\" data-id=\"09829c1\" data-element_type=\"widget\" data-widget_type=\"text-editor.default\">\n\t\t\t\t<div class=\"elementor-widget-container\">\n\t\t\t\t\t\t\t\t\t<p>fotograf@mariuszmoszczynski.pl<\/p>\t\t\t\t\t\t\t\t<\/div>\n\t\t\t\t<\/div>\n\t\t\t\t<div class=\"elementor-element elementor-element-cb5811c elementor-widget elementor-widget-text-editor\" data-id=\"cb5811c\" data-element_type=\"widget\" data-widget_type=\"text-editor.default\">\n\t\t\t\t<div class=\"elementor-widget-container\">\n\t\t\t\t\t\t\t\t\t<p>Mieszkam w wojew\u00f3dztwie \u0141\u00f3dzkim | Pracuj\u0119 na terenie ca\u0142ej Polski<span style=\"background-color: var( --e-global-color-primary ); font-family: var(--body-font); font-size: 1.1rem;\"><br \/><\/span><\/p>\t\t\t\t\t\t\t\t<\/div>\n\t\t\t\t<\/div>\n\t\t\t\t<div class=\"elementor-element elementor-element-10cc9d2 elementor-widget elementor-widget-text-editor\" data-id=\"10cc9d2\" data-element_type=\"widget\" data-widget_type=\"text-editor.default\">\n\t\t\t\t<div class=\"elementor-widget-container\">\n\t\t\t\t\t\t\t\t\t<p>519 113 519<\/p>\t\t\t\t\t\t\t\t<\/div>\n\t\t\t\t<\/div>\n\t\t\t\t\t<\/div>\n\t\t\t\t<\/div>\n\t\t\t\t<div class=\"elementor-element elementor-element-1b8036d elementor-widget elementor-widget-text-editor\" data-id=\"1b8036d\" data-element_type=\"widget\" data-widget_type=\"text-editor.default\">\n\t\t\t\t<div class=\"elementor-widget-container\">\n\t\t\t\t\t\t\t\t\t&nbsp;\n\t\t\t\t\t\t\t\t<\/div>\n\t\t\t\t<\/div>\n\t\t<div class=\"elementor-element elementor-element-feec604 e-grid e-con-boxed e-con e-parent\" data-id=\"feec604\" data-element_type=\"container\" data-settings=\"{&quot;background_background&quot;:&quot;classic&quot;}\">\n\t\t\t\t\t<div class=\"e-con-inner\">\n\t\t\t\t<div class=\"elementor-element elementor-element-dc7903e elementor-widget elementor-widget-shortcode\" data-id=\"dc7903e\" data-element_type=\"widget\" data-widget_type=\"shortcode.default\">\n\t\t\t\t<div class=\"elementor-widget-container\">\n\t\t\t\t\t\t\t<div class=\"elementor-shortcode\">Skontaktuj si\u0119 ze mn\u0105 za pomoc\u0105 formularza:\n<\/br>\n<\/br>\n\n<div class=\"wpcf7 no-js\" id=\"wpcf7-f9-o1\" lang=\"pl-PL\" dir=\"ltr\" data-wpcf7-id=\"9\">\n<div class=\"screen-reader-response\"><p role=\"status\" aria-live=\"polite\" aria-atomic=\"true\"><\/p> <ul><\/ul><\/div>\n<form action=\"\/index.php?rest_route=%2Fwp%2Fv2%2Fpages%2F715#wpcf7-f9-o1\" method=\"post\" class=\"wpcf7-form init\" aria-label=\"Formularz kontaktowy\" novalidate=\"novalidate\" data-status=\"init\">\n<div style=\"display: none;\">\n<input type=\"hidden\" name=\"_wpcf7\" value=\"9\" \/>\n<input type=\"hidden\" name=\"_wpcf7_version\" value=\"6.0.2\" \/>\n<input type=\"hidden\" name=\"_wpcf7_locale\" value=\"pl_PL\" \/>\n<input type=\"hidden\" name=\"_wpcf7_unit_tag\" value=\"wpcf7-f9-o1\" \/>\n<input type=\"hidden\" name=\"_wpcf7_container_post\" value=\"0\" \/>\n<input type=\"hidden\" name=\"_wpcf7_posted_data_hash\" value=\"\" \/>\n<\/div>\n<p><label> Twoje imi\u0119* <span class=\"wpcf7-form-control-wrap\" data-name=\"your-name\"><input size=\"40\" maxlength=\"400\" class=\"wpcf7-form-control wpcf7-text wpcf7-validates-as-required\" autocomplete=\"name\" aria-required=\"true\" aria-invalid=\"false\" value=\"\" type=\"text\" name=\"your-name\" \/><\/span> <\/label>\n<\/p>\n<p><label> Pisz\u0119 w sprawie*<br \/>\n<span class=\"wpcf7-form-control-wrap\" data-name=\"menu-50\"><select class=\"wpcf7-form-control wpcf7-select\" aria-invalid=\"false\" name=\"menu-50\"><option value=\"\">&#8212;Prosz\u0119 wybra\u0107 opcj\u0119&#8212;<\/option><option value=\"fotoreporta\u017c \u015blubny\">fotoreporta\u017c \u015blubny<\/option><option value=\"sesja narzecze\u0144ska\">sesja narzecze\u0144ska<\/option><option value=\"fotoreporta\u017c z chrztu\">fotoreporta\u017c z chrztu<\/option><option value=\"wiecz\u00f3r panie\u0144ski\">wiecz\u00f3r panie\u0144ski<\/option><option value=\"impreza okoliczno\u015bciowa\">impreza okoliczno\u015bciowa<\/option><option value=\"sesja rodzinna\">sesja rodzinna<\/option><option value=\"sesja komunijna\">sesja komunijna<\/option><option value=\"wypo\u017cyczenie sprz\u0119tu\">wypo\u017cyczenie sprz\u0119tu<\/option><option value=\"w innej sprawie\">w innej sprawie<\/option><\/select><\/span> <\/label>\n<\/p>\n<p><label> Tw\u00f3j email*<br \/>\n<span class=\"wpcf7-form-control-wrap\" data-name=\"your-email\"><input size=\"40\" maxlength=\"400\" class=\"wpcf7-form-control wpcf7-email wpcf7-validates-as-required wpcf7-text wpcf7-validates-as-email\" autocomplete=\"email\" aria-required=\"true\" aria-invalid=\"false\" value=\"\" type=\"email\" name=\"your-email\" \/><\/span> <\/label>\n<\/p>\n<p><label> Numer telefonu<br \/>\n<span class=\"wpcf7-form-control-wrap\" data-name=\"tel-542\"><input size=\"40\" maxlength=\"400\" class=\"wpcf7-form-control wpcf7-tel wpcf7-text wpcf7-validates-as-tel\" aria-invalid=\"false\" value=\"\" type=\"tel\" name=\"tel-542\" \/><\/span> <\/label>\n<\/p>\n<p><label> Podaj dat\u0119 uroczysto\u015bci<br \/>\n<span class=\"wpcf7-form-control-wrap\" data-name=\"date-801\"><input class=\"wpcf7-form-control wpcf7-date wpcf7-validates-as-date\" aria-invalid=\"false\" value=\"\" type=\"date\" name=\"date-801\" \/><\/span> <\/label>\n<\/p>\n<p><label> Miejsce na Twoj\u0105 wiadomo\u015b\u0107 lub pytania:*<br \/>\n<span class=\"wpcf7-form-control-wrap\" data-name=\"textarea-457\"><textarea cols=\"40\" rows=\"10\" maxlength=\"2000\" class=\"wpcf7-form-control wpcf7-textarea wpcf7-validates-as-required\" aria-required=\"true\" aria-invalid=\"false\" name=\"textarea-457\">Tre\u015b\u0107 wiadomo\u015bci<\/textarea><\/span> <\/label>\n<\/p>\n<p><span class=\"wpcf7-form-control-wrap\" data-name=\"acceptance-717\"><span class=\"wpcf7-form-control wpcf7-acceptance\"><span class=\"wpcf7-list-item\"><label><input type=\"checkbox\" name=\"acceptance-717\" value=\"1\" aria-invalid=\"false\" \/><span class=\"wpcf7-list-item-label\">Wyra\u017cam zgod\u0119 na przes\u0142anie informacji handlowych dotycz\u0105cych oferowanych us\u0142ug i produkt\u00f3w na podany adres e-mail. W zwi\u0105zku z RODO, zgoda jest konieczna dla wys\u0142ania oferty dotycz\u0105cej us\u0142ug fotograficznych.<\/span><\/label><\/span><\/span><\/span>\n<\/p>\n<p><input class=\"wpcf7-form-control wpcf7-submit has-spinner\" type=\"submit\" value=\"Wy\u015blij\" \/>\n<\/p><div class=\"wpcf7-response-output\" aria-hidden=\"true\"><\/div>\n<\/form>\n<\/div>\n<\/div>\n\t\t\t\t\t\t<\/div>\n\t\t\t\t<\/div>\n\t\t\t\t<div class=\"elementor-element elementor-element-84cdb80 elementor-widget elementor-widget-image\" data-id=\"84cdb80\" data-element_type=\"widget\" data-widget_type=\"image.default\">\n\t\t\t\t<div class=\"elementor-widget-container\">\n\t\t\t\t\t\t\t\t\t\t\t\t\t\t\t<img fetchpriority=\"high\" decoding=\"async\" width=\"684\" height=\"1024\" src=\"https:\/\/mariuszmoszczynski.pl\/wp-content\/uploads\/2023\/02\/Obrobione-8-684x1024.jpg\" class=\"attachment-large size-large wp-image-847\" alt=\"\" srcset=\"https:\/\/mariuszmoszczynski.pl\/wp-content\/uploads\/2023\/02\/Obrobione-8-684x1024.jpg 684w, https:\/\/mariuszmoszczynski.pl\/wp-content\/uploads\/2023\/02\/Obrobione-8-200x300.jpg 200w, https:\/\/mariuszmoszczynski.pl\/wp-content\/uploads\/2023\/02\/Obrobione-8-768x1150.jpg 768w, https:\/\/mariuszmoszczynski.pl\/wp-content\/uploads\/2023\/02\/Obrobione-8-1025x1536.jpg 1025w, https:\/\/mariuszmoszczynski.pl\/wp-content\/uploads\/2023\/02\/Obrobione-8-1367x2048.jpg 1367w, https:\/\/mariuszmoszczynski.pl\/wp-content\/uploads\/2023\/02\/Obrobione-8-500x749.jpg 500w, https:\/\/mariuszmoszczynski.pl\/wp-content\/uploads\/2023\/02\/Obrobione-8-800x1198.jpg 800w, https:\/\/mariuszmoszczynski.pl\/wp-content\/uploads\/2023\/02\/Obrobione-8-1280x1917.jpg 1280w, https:\/\/mariuszmoszczynski.pl\/wp-content\/uploads\/2023\/02\/Obrobione-8-1920x2876.jpg 1920w, https:\/\/mariuszmoszczynski.pl\/wp-content\/uploads\/2023\/02\/Obrobione-8-scaled.jpg 1709w\" sizes=\"(max-width: 684px) 100vw, 684px\" \/>\t\t\t\t\t\t\t\t\t\t\t\t\t\t\t<\/div>\n\t\t\t\t<\/div>\n\t\t\t\t\t<\/div>\n\t\t\t\t<\/div>\n\t\t\t\t<div class=\"elementor-element elementor-element-af55f33 elementor-widget elementor-widget-google_maps\" data-id=\"af55f33\" data-element_type=\"widget\" data-widget_type=\"google_maps.default\">\n\t\t\t\t<div class=\"elementor-widget-container\">\n\t\t\t\t\t\t\t<div class=\"elementor-custom-embed\">\n\t\t\t<iframe loading=\"lazy\"\n\t\t\t\t\tsrc=\"https:\/\/maps.google.com\/maps?q=%C5%82%C3%B3d%C5%BA&#038;t=m&#038;z=9&#038;output=embed&#038;iwloc=near\"\n\t\t\t\t\ttitle=\"\u0142\u00f3d\u017a\"\n\t\t\t\t\taria-label=\"\u0142\u00f3d\u017a\"\n\t\t\t><\/iframe>\n\t\t<\/div>\n\t\t\t\t\t\t<\/div>\n\t\t\t\t<\/div>\n\t\t\t\t\t<\/div>\n\t\t<\/div>\n\t\t\t\t\t<\/div>\n\t\t<\/section>\n\t\t\t\t<\/div>\n\t\t","protected":false},"excerpt":{"rendered":"<p>Kontakt Jest mi bardzo mi\u0142o, \u017ce tu jeste\u015b! Skontaktuj si\u0119 ze mn\u0105, ustalimy szczeg\u00f3\u0142y naszej wsp\u00f3\u0142pracy. EMAIL GDZIE PRACUJ\u0118 TELEFON fotograf@mariuszmoszczynski.pl Mieszkam w wojew\u00f3dztwie \u0141\u00f3dzkim | Pracuj\u0119 na terenie ca\u0142ej Polski 519 113 519 &nbsp; Skontaktuj si\u0119 ze mn\u0105 za pomoc\u0105 formularza:<\/p>\n","protected":false},"author":2,"featured_media":1798,"parent":0,"menu_order":0,"comment_status":"closed","ping_status":"closed","template":"elementor_header_footer","meta":{"_monsterinsights_skip_tracking":false,"_monsterinsights_sitenote_active":false,"_monsterinsights_sitenote_note":"","_monsterinsights_sitenote_category":0,"ngg_post_thumbnail":0,"_vp_format_video_url":"","_vp_image_focal_point":[],"footnotes":""},"class_list":["post-715","page","type-page","status-publish","has-post-thumbnail","hentry"],"aioseo_notices":[],"_links":{"self":[{"href":"https:\/\/mariuszmoszczynski.pl\/index.php?rest_route=\/wp\/v2\/pages\/715","targetHints":{"allow":["GET"]}}],"collection":[{"href":"https:\/\/mariuszmoszczynski.pl\/index.php?rest_route=\/wp\/v2\/pages"}],"about":[{"href":"https:\/\/mariuszmoszczynski.pl\/index.php?rest_route=\/wp\/v2\/types\/page"}],"author":[{"embeddable":true,"href":"https:\/\/mariuszmoszczynski.pl\/index.php?rest_route=\/wp\/v2\/users\/2"}],"replies":[{"embeddable":true,"href":"https:\/\/mariuszmoszczynski.pl\/index.php?rest_route=%2Fwp%2Fv2%2Fcomments&post=715"}],"version-history":[{"count":91,"href":"https:\/\/mariuszmoszczynski.pl\/index.php?rest_route=\/wp\/v2\/pages\/715\/revisions"}],"predecessor-version":[{"id":2097,"href":"https:\/\/mariuszmoszczynski.pl\/index.php?rest_route=\/wp\/v2\/pages\/715\/revisions\/2097"}],"wp:featuredmedia":[{"embeddable":true,"href":"https:\/\/mariuszmoszczynski.pl\/index.php?rest_route=\/wp\/v2\/media\/1798"}],"wp:attachment":[{"href":"https:\/\/mariuszmoszczynski.pl\/index.php?rest_route=%2Fwp%2Fv2%2Fmedia&parent=715"}],"curies":[{"name":"wp","href":"https:\/\/api.w.org\/{rel}","templated":true}]}}