{"id":578,"date":"2023-06-17T08:34:21","date_gmt":"2023-06-17T08:34:21","guid":{"rendered":"https:\/\/dev4.azuratheme.com\/?page_id=578"},"modified":"2025-02-06T15:15:48","modified_gmt":"2025-02-06T14:15:48","slug":"o_mnie","status":"publish","type":"page","link":"https:\/\/mariuszmoszczynski.pl\/?page_id=578","title":{"rendered":"O mnie"},"content":{"rendered":"\t\t<div data-elementor-type=\"wp-page\" data-elementor-id=\"578\" class=\"elementor elementor-578\">\n\t\t\t\t\t\t<section class=\"elementor-section elementor-top-section elementor-element elementor-element-46d52fb elementor-section-boxed elementor-section-height-default elementor-section-height-default\" data-id=\"46d52fb\" data-element_type=\"section\" data-settings=\"{&quot;background_background&quot;:&quot;classic&quot;}\">\n\t\t\t\t\t\t\t<div class=\"elementor-background-overlay\"><\/div>\n\t\t\t\t\t\t\t<div class=\"elementor-container elementor-column-gap-default\">\n\t\t\t\t\t<div class=\"elementor-column elementor-col-100 elementor-top-column elementor-element elementor-element-5010c91\" data-id=\"5010c91\" data-element_type=\"column\">\n\t\t\t<div class=\"elementor-widget-wrap elementor-element-populated\">\n\t\t\t\t\t\t<div class=\"elementor-element elementor-element-422f62c elementor-widget elementor-widget-heading\" data-id=\"422f62c\" data-element_type=\"widget\" data-widget_type=\"heading.default\">\n\t\t\t\t<div class=\"elementor-widget-container\">\n\t\t\t\t\t<h2 class=\"elementor-heading-title elementor-size-default\">O mnie<\/h2>\t\t\t\t<\/div>\n\t\t\t\t<\/div>\n\t\t\t\t<div class=\"elementor-element elementor-element-4ed77a3 elementor-widget-divider--view-line elementor-widget elementor-widget-divider\" data-id=\"4ed77a3\" data-element_type=\"widget\" data-widget_type=\"divider.default\">\n\t\t\t\t<div class=\"elementor-widget-container\">\n\t\t\t\t\t\t\t<div class=\"elementor-divider\">\n\t\t\t<span class=\"elementor-divider-separator\">\n\t\t\t\t\t\t<\/span>\n\t\t<\/div>\n\t\t\t\t\t\t<\/div>\n\t\t\t\t<\/div>\n\t\t\t\t<div class=\"elementor-element elementor-element-6763157 elementor-widget elementor-widget-heading\" data-id=\"6763157\" data-element_type=\"widget\" data-widget_type=\"heading.default\">\n\t\t\t\t<div class=\"elementor-widget-container\">\n\t\t\t\t\t<h5 class=\"elementor-heading-title elementor-size-default\">\"Najlepsze zdj\u0119cia to te, kt\u00f3re zostaj\u0105 w Twojej pami\u0119ci na zawsze.\"<\/h5>\t\t\t\t<\/div>\n\t\t\t\t<\/div>\n\t\t\t\t\t<\/div>\n\t\t<\/div>\n\t\t\t\t\t<\/div>\n\t\t<\/section>\n\t\t\t\t<section class=\"elementor-section elementor-top-section elementor-element elementor-element-5a6b385 elementor-section-content-middle elementor-section-boxed elementor-section-height-default elementor-section-height-default\" data-id=\"5a6b385\" data-element_type=\"section\">\n\t\t\t\t\t\t<div class=\"elementor-container elementor-column-gap-wide\">\n\t\t\t\t\t<div class=\"elementor-column elementor-col-50 elementor-top-column elementor-element elementor-element-50f5ae9\" data-id=\"50f5ae9\" data-element_type=\"column\">\n\t\t\t<div class=\"elementor-widget-wrap elementor-element-populated\">\n\t\t\t\t\t\t<div class=\"elementor-element elementor-element-e6f3915 elementor-widget elementor-widget-image\" data-id=\"e6f3915\" data-element_type=\"widget\" data-widget_type=\"image.default\">\n\t\t\t\t<div class=\"elementor-widget-container\">\n\t\t\t\t\t\t\t\t\t\t\t\t\t\t\t<img decoding=\"async\" src=\"https:\/\/mariuszmoszczynski.pl\/wp-content\/uploads\/elementor\/thumbs\/Mojee-2-scaled-e1738840498408-r13s43rnuyzttxnpr53mengx2js4l6uztvyx7s9qq0.jpg\" title=\"Mojee-2\" alt=\"Mojee-2\" loading=\"lazy\" \/>\t\t\t\t\t\t\t\t\t\t\t\t\t\t\t<\/div>\n\t\t\t\t<\/div>\n\t\t\t\t\t<\/div>\n\t\t<\/div>\n\t\t\t\t<div class=\"elementor-column elementor-col-50 elementor-top-column elementor-element elementor-element-c489930\" data-id=\"c489930\" data-element_type=\"column\">\n\t\t\t<div class=\"elementor-widget-wrap elementor-element-populated\">\n\t\t\t\t\t\t<div class=\"elementor-element elementor-element-5942240 elementor-widget__width-initial elementor-widget elementor-widget-heading\" data-id=\"5942240\" data-element_type=\"widget\" data-widget_type=\"heading.default\">\n\t\t\t\t<div class=\"elementor-widget-container\">\n\t\t\t\t\t<div class=\"elementor-heading-title elementor-size-default\">Troche o mnie<\/div>\t\t\t\t<\/div>\n\t\t\t\t<\/div>\n\t\t\t\t<div class=\"elementor-element elementor-element-49ff3d3 elementor-widget elementor-widget-text-editor\" data-id=\"49ff3d3\" data-element_type=\"widget\" data-widget_type=\"text-editor.default\">\n\t\t\t\t<div class=\"elementor-widget-container\">\n\t\t\t\t\t\t\t\t\t<p align=\"justify\">Cze\u015b\u0107, mam na imi\u0119 Mariusz jestem fotografem \u015blubnym i okoliczno\u015bciowym. Fotografia to dla mnie co\u015b wi\u0119cej ni\u017c zdj\u0119cia \u2013 to spos\u00f3b, aby zatrzyma\u0107 chwil\u0119, opowiedzie\u0107 histori\u0119 i odda\u0107 emocje. Moja przygoda z fotografi\u0105 zacz\u0119\u0142a si\u0119 6 lat temu, pocz\u0105tkowo fotografowa\u0142em pejza\u017ce i natur\u0119. Z czasem zacz\u0105\u0142em pr\u00f3bowa\u0107 nowych rzeczy i odkry\u0142em ze to co daje mi najwi\u0119cej szcz\u0119\u015bcia to fotografowanie ludzi. Robienie reporta\u017cy zawiera w sobie wszystko to co uwielbiam: ludzi, prawdziwe emocje, niesamowite historie, ciekawe miejsca\u2026 W mojej pracy kieruje si\u0119 dba\u0142o\u015bci\u0105 o detale i indywidualnym podej\u015bciem do ka\u017cdego klienta. Ka\u017cde zlecenie jest dla mnie tak samo wa\u017cne i daje mi nowe mo\u017cliwo\u015bci. Praca z Wami to dla mnie wspania\u0142a przygoda, kt\u00f3ra pozwala mi rozwija\u0107 moj\u0105 pasj\u0119 jak\u0105 jest fotografia.<\/p><p align=\"justify\">Pracuj\u0119 na nowoczesnym, profesjonalnym, sprz\u0119cie, kt\u00f3ry zapewnia doskona\u0142\u0105 jako\u015b\u0107 zdj\u0119\u0107. Na zleceniu zawsze mam ze sob\u0105 dwa aparaty i posiadam zapasowe lampy b\u0142yskowe oraz kilka obiektyw\u00f3w aby m\u00f3c kontynuowa\u0107 prac\u0119 bez zak\u0142\u00f3ce\u0144 gwarantuj\u0105c niezawodno\u015b\u0107 i spokojn\u0105 atmosfer\u0119 w trakcie realizacji zlecenia. W mojej ofercie posiadam r\u00f3wnie\u017c drona, dzi\u0119ki kt\u00f3remu mog\u0119 uzyska\u0107 wyj\u0105tkowe uj\u0119cia z lotu ptaka. Dodatkowo dysponuj\u0119 tak\u017ce Fotobudk\u0105 w stylu Retro, kt\u00f3ra nada niesamowitego charakteru Waszej imprezie i pozwoli uzyska\u0107 dodatkowe pami\u0105tki w postaci zdj\u0119\u0107 z gad\u017cetami kt\u00f3re r\u00f3wnie\u017c udost\u0119pniam. W ofercie posiadam r\u00f3wnie\u017c ci\u0119\u017cki dym dzi\u0119ki kt\u00f3remu Wasze ta\u0144ce przenios\u0105 si\u0119 do samych chmur, a tak\u017ce stela\u017c na balony kt\u00f3ry jest idealny do stworzenia dekoracji na wesele, komuni\u0119, chrzest, 18-stk\u0119 i wiele innych okazji.<\/p><p align=\"justify\">Istotnym aspektem mojej pracy jest nieustanny rozw\u00f3j oraz podnoszenie kwalifikacji, dlatego d\u0105\u017c\u0119 do ci\u0105g\u0142ego doskonalenia swoich kompetencji i umiej\u0119tno\u015bci.<\/p><p align=\"justify\">B\u0119d\u0119 zaszczycony, je\u017celi zdecydujecie si\u0119 na wsp\u00f3\u0142prac\u0119 ze mn\u0105. To dla mnie ogromne wyr\u00f3\u017cnienie m\u00f3c uchwyci\u0107 wyj\u0105tkowe chwile i wnie\u015b\u0107 swoj\u0105 pasj\u0119 do fotografii w Wasz projekt.<\/p><p align=\"justify\">Prosz\u0119 zajrzyjcie na moje prace, je\u017celi si\u0119 Wam spodobaj\u0105 to zapraszam serdeczne do kontaktu.<\/p>\t\t\t\t\t\t\t\t<\/div>\n\t\t\t\t<\/div>\n\t\t\t\t\t<\/div>\n\t\t<\/div>\n\t\t\t\t\t<\/div>\n\t\t<\/section>\n\t\t<div class=\"elementor-element elementor-element-72f7949 e-flex e-con-boxed e-con e-parent\" data-id=\"72f7949\" data-element_type=\"container\">\n\t\t\t\t\t<div class=\"e-con-inner\">\n\t\t\t\t\t<\/div>\n\t\t\t\t<\/div>\n\t\t<div class=\"elementor-element elementor-element-414735f e-flex e-con-boxed e-con e-parent\" data-id=\"414735f\" data-element_type=\"container\">\n\t\t\t\t\t<div class=\"e-con-inner\">\n\t\t\t\t\t<\/div>\n\t\t\t\t<\/div>\n\t\t\t\t<\/div>\n\t\t","protected":false},"excerpt":{"rendered":"<p>O mnie &#8222;Najlepsze zdj\u0119cia to te, kt\u00f3re zostaj\u0105 w Twojej pami\u0119ci na zawsze.&#8221; Troche o mnie Cze\u015b\u0107, mam na imi\u0119 Mariusz jestem fotografem \u015blubnym i okoliczno\u015bciowym. Fotografia to dla mnie co\u015b wi\u0119cej ni\u017c zdj\u0119cia \u2013 to spos\u00f3b, aby zatrzyma\u0107 chwil\u0119, opowiedzie\u0107 histori\u0119 i odda\u0107 emocje. Moja przygoda z fotografi\u0105 zacz\u0119\u0142a si\u0119 6 lat temu, pocz\u0105tkowo [&hellip;]<\/p>\n","protected":false},"author":2,"featured_media":0,"parent":0,"menu_order":0,"comment_status":"closed","ping_status":"closed","template":"elementor_header_footer","meta":{"_monsterinsights_skip_tracking":false,"_monsterinsights_sitenote_active":false,"_monsterinsights_sitenote_note":"","_monsterinsights_sitenote_category":0,"ngg_post_thumbnail":0,"_vp_format_video_url":"","_vp_image_focal_point":[],"footnotes":""},"class_list":["post-578","page","type-page","status-publish","hentry"],"aioseo_notices":[],"_links":{"self":[{"href":"https:\/\/mariuszmoszczynski.pl\/index.php?rest_route=\/wp\/v2\/pages\/578","targetHints":{"allow":["GET"]}}],"collection":[{"href":"https:\/\/mariuszmoszczynski.pl\/index.php?rest_route=\/wp\/v2\/pages"}],"about":[{"href":"https:\/\/mariuszmoszczynski.pl\/index.php?rest_route=\/wp\/v2\/types\/page"}],"author":[{"embeddable":true,"href":"https:\/\/mariuszmoszczynski.pl\/index.php?rest_route=\/wp\/v2\/users\/2"}],"replies":[{"embeddable":true,"href":"https:\/\/mariuszmoszczynski.pl\/index.php?rest_route=%2Fwp%2Fv2%2Fcomments&post=578"}],"version-history":[{"count":36,"href":"https:\/\/mariuszmoszczynski.pl\/index.php?rest_route=\/wp\/v2\/pages\/578\/revisions"}],"predecessor-version":[{"id":1839,"href":"https:\/\/mariuszmoszczynski.pl\/index.php?rest_route=\/wp\/v2\/pages\/578\/revisions\/1839"}],"wp:attachment":[{"href":"https:\/\/mariuszmoszczynski.pl\/index.php?rest_route=%2Fwp%2Fv2%2Fmedia&parent=578"}],"curies":[{"name":"wp","href":"https:\/\/api.w.org\/{rel}","templated":true}]}}