{"id":1908,"date":"2025-02-10T12:12:34","date_gmt":"2025-02-10T11:12:34","guid":{"rendered":"https:\/\/mariuszmoszczynski.pl\/?page_id=1908"},"modified":"2025-02-10T12:27:21","modified_gmt":"2025-02-10T11:27:21","slug":"kalibracja-ekranu-monitora","status":"publish","type":"page","link":"https:\/\/mariuszmoszczynski.pl\/?page_id=1908","title":{"rendered":"Kalibracja ekranu monitora"},"content":{"rendered":"\t\t<div data-elementor-type=\"wp-page\" data-elementor-id=\"1908\" class=\"elementor elementor-1908\">\n\t\t\t\t\t\t<section class=\"elementor-section elementor-top-section elementor-element elementor-element-46d52fb elementor-section-boxed elementor-section-height-default elementor-section-height-default\" data-id=\"46d52fb\" data-element_type=\"section\" data-settings=\"{&quot;background_background&quot;:&quot;classic&quot;}\">\n\t\t\t\t\t\t\t<div class=\"elementor-background-overlay\"><\/div>\n\t\t\t\t\t\t\t<div class=\"elementor-container elementor-column-gap-default\">\n\t\t\t\t\t<div class=\"elementor-column elementor-col-100 elementor-top-column elementor-element elementor-element-5010c91\" data-id=\"5010c91\" data-element_type=\"column\">\n\t\t\t<div class=\"elementor-widget-wrap elementor-element-populated\">\n\t\t\t\t\t\t<div class=\"elementor-element elementor-element-422f62c elementor-widget elementor-widget-heading\" data-id=\"422f62c\" data-element_type=\"widget\" data-widget_type=\"heading.default\">\n\t\t\t\t<div class=\"elementor-widget-container\">\n\t\t\t\t\t<h2 class=\"elementor-heading-title elementor-size-default\">Kalibracja obrazu<\/h2>\t\t\t\t<\/div>\n\t\t\t\t<\/div>\n\t\t\t\t<div class=\"elementor-element elementor-element-4ed77a3 elementor-widget-divider--view-line elementor-widget elementor-widget-divider\" data-id=\"4ed77a3\" data-element_type=\"widget\" data-widget_type=\"divider.default\">\n\t\t\t\t<div class=\"elementor-widget-container\">\n\t\t\t\t\t\t\t<div class=\"elementor-divider\">\n\t\t\t<span class=\"elementor-divider-separator\">\n\t\t\t\t\t\t<\/span>\n\t\t<\/div>\n\t\t\t\t\t\t<\/div>\n\t\t\t\t<\/div>\n\t\t\t\t<div class=\"elementor-element elementor-element-6763157 elementor-widget elementor-widget-heading\" data-id=\"6763157\" data-element_type=\"widget\" data-widget_type=\"heading.default\">\n\t\t\t\t<div class=\"elementor-widget-container\">\n\t\t\t\t\t<h5 class=\"elementor-heading-title elementor-size-default\">Precyzyjna kalibracja kolor\u00f3w<\/h5>\t\t\t\t<\/div>\n\t\t\t\t<\/div>\n\t\t\t\t\t<\/div>\n\t\t<\/div>\n\t\t\t\t\t<\/div>\n\t\t<\/section>\n\t\t\t\t<section class=\"elementor-section elementor-top-section elementor-element elementor-element-5a6b385 elementor-section-content-middle elementor-section-boxed elementor-section-height-default elementor-section-height-default\" data-id=\"5a6b385\" data-element_type=\"section\">\n\t\t\t\t\t\t<div class=\"elementor-container elementor-column-gap-wide\">\n\t\t\t\t\t<div class=\"elementor-column elementor-col-50 elementor-top-column elementor-element elementor-element-50f5ae9\" data-id=\"50f5ae9\" data-element_type=\"column\">\n\t\t\t<div class=\"elementor-widget-wrap elementor-element-populated\">\n\t\t\t\t\t\t<div class=\"elementor-element elementor-element-e6f3915 elementor-widget elementor-widget-image\" data-id=\"e6f3915\" data-element_type=\"widget\" data-widget_type=\"image.default\">\n\t\t\t\t<div class=\"elementor-widget-container\">\n\t\t\t\t\t\t\t\t\t\t\t\t\t\t\t<img decoding=\"async\" src=\"https:\/\/mariuszmoszczynski.pl\/wp-content\/uploads\/elementor\/thumbs\/zestaw-calibrite-colorchecker-display-pro-colorchecker-classic-mini_09-r1aqys6lv84tzqxq0rhw130ia5tvu372iczzc5xcu8.jpg\" title=\"zestaw-calibrite-colorchecker-display-pro-colorchecker-classic-mini_09\" alt=\"zestaw-calibrite-colorchecker-display-pro-colorchecker-classic-mini_09\" loading=\"lazy\" \/>\t\t\t\t\t\t\t\t\t\t\t\t\t\t\t<\/div>\n\t\t\t\t<\/div>\n\t\t\t\t\t<\/div>\n\t\t<\/div>\n\t\t\t\t<div class=\"elementor-column elementor-col-50 elementor-top-column elementor-element elementor-element-c489930\" data-id=\"c489930\" data-element_type=\"column\">\n\t\t\t<div class=\"elementor-widget-wrap elementor-element-populated\">\n\t\t\t\t\t\t<div class=\"elementor-element elementor-element-5942240 elementor-widget__width-initial elementor-widget elementor-widget-heading\" data-id=\"5942240\" data-element_type=\"widget\" data-widget_type=\"heading.default\">\n\t\t\t\t<div class=\"elementor-widget-container\">\n\t\t\t\t\t<div class=\"elementor-heading-title elementor-size-default\">Kalibracja ekranu monitora<\/div>\t\t\t\t<\/div>\n\t\t\t\t<\/div>\n\t\t\t\t<div class=\"elementor-element elementor-element-49ff3d3 elementor-widget__width-initial elementor-widget elementor-widget-text-editor\" data-id=\"49ff3d3\" data-element_type=\"widget\" data-widget_type=\"text-editor.default\">\n\t\t\t\t<div class=\"elementor-widget-container\">\n\t\t\t\t\t\t\t\t\t<div class=\"mpof_ki myre_zn myre_8v_l m389_6m_l\"><div class=\"mp4t_16_s mryx_16_s mr3m_1 mli2_1 mh85_56 mh85_0_l\"><div class=\"mgn2_16 _0d3bd_am0a-\"><p>Kompletne urz\u0105dzenie do kalibrowania monitor\u00f3w, matryc (ekran\u00f3w) laptop\u00f3w oraz innych wy\u015bwietlaczy (np. telewizory) LCD, LED, PLASMA, OLED, wy\u015bwietlaczy szerokogamutowych, a tak\u017ce projektor\u00f3w.<\/p><div class=\"mp4t_16_s mryx_16_s mr3m_1 mli2_1 mh85_56 mh85_0_l\"><div class=\"mgn2_16 _0d3bd_am0a-\"><p><b>To urz\u0105dzenia przeznaczone nie tylko do zastosowa\u0144 profesjonalnych, ale r\u00f3wnie\u017c prywatnych i hobbystycznych!<\/b><\/p><p>Pomimo, \u017ce tylko na wy\u015bwietlaczach szerokogamutowych mo\u017cna osi\u0105gn\u0105\u0107 perfekcj\u0119 odwzorowania kolor\u00f3w potrzebn\u0105 do zastosowa\u0144 profesjonalnych, to w\u0142a\u015bnie<b>\u00a0na zwyk\u0142ych monitorach czy telewizorach po kalibracji osi\u0105ga si\u0119 najwi\u0119ksze efekty &#8222;WOW!&#8221;, cz\u0119sto w ko\u0144cu osi\u0105gaj\u0105c przyjemny dla oka obraz, na kt\u00f3ry wcze\u015bniej niemal nie da\u0142o si\u0119 patrzy\u0107\u00a0<\/b>(np. matryce w niekt\u00f3rych laptopach).<\/p><\/div><\/div><div class=\"mp4t_16_s mryx_16_s mr3m_1 mli2_1 mh85_56 mh85_0_l\"><div class=\"mg9e_8 mj7a_8 mg9e_0_s mvrt_0_s mj7a_0_s mh36_0_s mzmg_6m munh_16_l m3h2_16_l\"><div class=\"mp4t_0 mryx_0 munh_56 m3h2_56\">\u00a0<\/div><\/div><\/div><\/div><\/div><\/div><div class=\"mpof_ki myre_zn myre_8v_l m389_6m_l\"><div class=\"mp4t_16_s mryx_16_s mr3m_1 mli2_1 mh85_56 mh85_0_l\"><div class=\"mgn2_16 _0d3bd_am0a-\">\u00a0<\/div><\/div><\/div><p><em><strong>Cena:<\/strong><\/em><br \/><span style=\"text-decoration: underline;\">Pierwszy ekran &#8211; 150z\u0142<\/span><br \/><span style=\"text-decoration: underline;\">kolejne ekrany &#8211; 100z\u0142<\/span><\/p><p style=\"text-align: left;\">\u00a0<\/p>\t\t\t\t\t\t\t\t<\/div>\n\t\t\t\t<\/div>\n\t\t\t\t\t<\/div>\n\t\t<\/div>\n\t\t\t\t\t<\/div>\n\t\t<\/section>\n\t\t<div class=\"elementor-element elementor-element-dad2322 e-flex e-con-boxed e-con e-parent\" data-id=\"dad2322\" data-element_type=\"container\">\n\t\t\t\t\t<div class=\"e-con-inner\">\n\t\t\t\t<div class=\"elementor-element elementor-element-3bd9a16 elementor-widget elementor-widget-image-gallery\" data-id=\"3bd9a16\" data-element_type=\"widget\" data-widget_type=\"image-gallery.default\">\n\t\t\t\t<div class=\"elementor-widget-container\">\n\t\t\t\t\t\t\t<div class=\"elementor-image-gallery\">\n\t\t\t\n\t\t<style type=\"text\/css\">\n\t\t\t#gallery-1 {\n\t\t\t\tmargin: auto;\n\t\t\t}\n\t\t\t#gallery-1 .gallery-item {\n\t\t\t\tfloat: left;\n\t\t\t\tmargin-top: 10px;\n\t\t\t\ttext-align: center;\n\t\t\t\twidth: 20%;\n\t\t\t}\n\t\t\t#gallery-1 img {\n\t\t\t\tborder: 2px solid #cfcfcf;\n\t\t\t}\n\t\t\t#gallery-1 .gallery-caption {\n\t\t\t\tmargin-left: 0;\n\t\t\t}\n\t\t\t\/* see gallery_shortcode() in wp-includes\/media.php *\/\n\t\t<\/style>\n\t\t<div id='gallery-1' class='gallery galleryid-1908 gallery-columns-5 gallery-size-medium'><dl class='gallery-item'>\n\t\t\t<dt class='gallery-icon portrait'>\n\t\t\t\t<a data-elementor-open-lightbox=\"yes\" data-elementor-lightbox-slideshow=\"3bd9a16\" data-elementor-lightbox-title=\"DSC05013\" data-e-action-hash=\"#elementor-action%3Aaction%3Dlightbox%26settings%3DeyJpZCI6MTMyMywidXJsIjoiaHR0cHM6XC9cL21hcml1c3ptb3N6Y3p5bnNraS5wbFwvd3AtY29udGVudFwvdXBsb2Fkc1wvMjAyNVwvMDFcL0RTQzA1MDEzLmpwZyIsInNsaWRlc2hvdyI6IjNiZDlhMTYifQ%3D%3D\" href='https:\/\/mariuszmoszczynski.pl\/wp-content\/uploads\/2025\/01\/DSC05013.jpg'><img fetchpriority=\"high\" decoding=\"async\" width=\"200\" height=\"300\" src=\"https:\/\/mariuszmoszczynski.pl\/wp-content\/uploads\/2025\/01\/DSC05013-200x300.jpg\" class=\"attachment-medium size-medium\" alt=\"\" srcset=\"https:\/\/mariuszmoszczynski.pl\/wp-content\/uploads\/2025\/01\/DSC05013-200x300.jpg 200w, https:\/\/mariuszmoszczynski.pl\/wp-content\/uploads\/2025\/01\/DSC05013-683x1024.jpg 683w, https:\/\/mariuszmoszczynski.pl\/wp-content\/uploads\/2025\/01\/DSC05013-768x1152.jpg 768w, https:\/\/mariuszmoszczynski.pl\/wp-content\/uploads\/2025\/01\/DSC05013-1024x1536.jpg 1024w, https:\/\/mariuszmoszczynski.pl\/wp-content\/uploads\/2025\/01\/DSC05013-500x750.jpg 500w, https:\/\/mariuszmoszczynski.pl\/wp-content\/uploads\/2025\/01\/DSC05013-800x1200.jpg 800w, https:\/\/mariuszmoszczynski.pl\/wp-content\/uploads\/2025\/01\/DSC05013-1280x1920.jpg 1280w, https:\/\/mariuszmoszczynski.pl\/wp-content\/uploads\/2025\/01\/DSC05013.jpg 1365w\" sizes=\"(max-width: 200px) 100vw, 200px\" \/><\/a>\n\t\t\t<\/dt><\/dl><dl class='gallery-item'>\n\t\t\t<dt class='gallery-icon portrait'>\n\t\t\t\t<a data-elementor-open-lightbox=\"yes\" data-elementor-lightbox-slideshow=\"3bd9a16\" data-elementor-lightbox-title=\"DSC05023\" data-e-action-hash=\"#elementor-action%3Aaction%3Dlightbox%26settings%3DeyJpZCI6MTMxNywidXJsIjoiaHR0cHM6XC9cL21hcml1c3ptb3N6Y3p5bnNraS5wbFwvd3AtY29udGVudFwvdXBsb2Fkc1wvMjAyNVwvMDFcL0RTQzA1MDIzLmpwZyIsInNsaWRlc2hvdyI6IjNiZDlhMTYifQ%3D%3D\" href='https:\/\/mariuszmoszczynski.pl\/wp-content\/uploads\/2025\/01\/DSC05023.jpg'><img decoding=\"async\" width=\"200\" height=\"300\" src=\"https:\/\/mariuszmoszczynski.pl\/wp-content\/uploads\/2025\/01\/DSC05023-200x300.jpg\" class=\"attachment-medium size-medium\" alt=\"\" srcset=\"https:\/\/mariuszmoszczynski.pl\/wp-content\/uploads\/2025\/01\/DSC05023-200x300.jpg 200w, https:\/\/mariuszmoszczynski.pl\/wp-content\/uploads\/2025\/01\/DSC05023-683x1024.jpg 683w, https:\/\/mariuszmoszczynski.pl\/wp-content\/uploads\/2025\/01\/DSC05023-768x1152.jpg 768w, https:\/\/mariuszmoszczynski.pl\/wp-content\/uploads\/2025\/01\/DSC05023-1024x1536.jpg 1024w, https:\/\/mariuszmoszczynski.pl\/wp-content\/uploads\/2025\/01\/DSC05023-500x750.jpg 500w, https:\/\/mariuszmoszczynski.pl\/wp-content\/uploads\/2025\/01\/DSC05023-800x1200.jpg 800w, https:\/\/mariuszmoszczynski.pl\/wp-content\/uploads\/2025\/01\/DSC05023-1280x1920.jpg 1280w, https:\/\/mariuszmoszczynski.pl\/wp-content\/uploads\/2025\/01\/DSC05023.jpg 1365w\" sizes=\"(max-width: 200px) 100vw, 200px\" \/><\/a>\n\t\t\t<\/dt><\/dl><dl class='gallery-item'>\n\t\t\t<dt class='gallery-icon portrait'>\n\t\t\t\t<a data-elementor-open-lightbox=\"yes\" data-elementor-lightbox-slideshow=\"3bd9a16\" data-elementor-lightbox-title=\"DSC05020\" data-e-action-hash=\"#elementor-action%3Aaction%3Dlightbox%26settings%3DeyJpZCI6MTMyNSwidXJsIjoiaHR0cHM6XC9cL21hcml1c3ptb3N6Y3p5bnNraS5wbFwvd3AtY29udGVudFwvdXBsb2Fkc1wvMjAyNVwvMDFcL0RTQzA1MDIwLmpwZyIsInNsaWRlc2hvdyI6IjNiZDlhMTYifQ%3D%3D\" href='https:\/\/mariuszmoszczynski.pl\/wp-content\/uploads\/2025\/01\/DSC05020.jpg'><img decoding=\"async\" width=\"200\" height=\"300\" src=\"https:\/\/mariuszmoszczynski.pl\/wp-content\/uploads\/2025\/01\/DSC05020-200x300.jpg\" class=\"attachment-medium size-medium\" alt=\"\" srcset=\"https:\/\/mariuszmoszczynski.pl\/wp-content\/uploads\/2025\/01\/DSC05020-200x300.jpg 200w, https:\/\/mariuszmoszczynski.pl\/wp-content\/uploads\/2025\/01\/DSC05020-683x1024.jpg 683w, https:\/\/mariuszmoszczynski.pl\/wp-content\/uploads\/2025\/01\/DSC05020-768x1152.jpg 768w, https:\/\/mariuszmoszczynski.pl\/wp-content\/uploads\/2025\/01\/DSC05020-1024x1536.jpg 1024w, https:\/\/mariuszmoszczynski.pl\/wp-content\/uploads\/2025\/01\/DSC05020-500x750.jpg 500w, https:\/\/mariuszmoszczynski.pl\/wp-content\/uploads\/2025\/01\/DSC05020-800x1200.jpg 800w, https:\/\/mariuszmoszczynski.pl\/wp-content\/uploads\/2025\/01\/DSC05020-1280x1920.jpg 1280w, https:\/\/mariuszmoszczynski.pl\/wp-content\/uploads\/2025\/01\/DSC05020.jpg 1365w\" sizes=\"(max-width: 200px) 100vw, 200px\" \/><\/a>\n\t\t\t<\/dt><\/dl><dl class='gallery-item'>\n\t\t\t<dt class='gallery-icon portrait'>\n\t\t\t\t<a data-elementor-open-lightbox=\"yes\" data-elementor-lightbox-slideshow=\"3bd9a16\" data-elementor-lightbox-title=\"DSC05026\" data-e-action-hash=\"#elementor-action%3Aaction%3Dlightbox%26settings%3DeyJpZCI6MTMyOCwidXJsIjoiaHR0cHM6XC9cL21hcml1c3ptb3N6Y3p5bnNraS5wbFwvd3AtY29udGVudFwvdXBsb2Fkc1wvMjAyNVwvMDFcL0RTQzA1MDI2LmpwZyIsInNsaWRlc2hvdyI6IjNiZDlhMTYifQ%3D%3D\" href='https:\/\/mariuszmoszczynski.pl\/wp-content\/uploads\/2025\/01\/DSC05026.jpg'><img loading=\"lazy\" decoding=\"async\" width=\"200\" height=\"300\" src=\"https:\/\/mariuszmoszczynski.pl\/wp-content\/uploads\/2025\/01\/DSC05026-200x300.jpg\" class=\"attachment-medium size-medium\" alt=\"\" srcset=\"https:\/\/mariuszmoszczynski.pl\/wp-content\/uploads\/2025\/01\/DSC05026-200x300.jpg 200w, https:\/\/mariuszmoszczynski.pl\/wp-content\/uploads\/2025\/01\/DSC05026-683x1024.jpg 683w, https:\/\/mariuszmoszczynski.pl\/wp-content\/uploads\/2025\/01\/DSC05026-768x1152.jpg 768w, https:\/\/mariuszmoszczynski.pl\/wp-content\/uploads\/2025\/01\/DSC05026-1024x1536.jpg 1024w, https:\/\/mariuszmoszczynski.pl\/wp-content\/uploads\/2025\/01\/DSC05026-500x750.jpg 500w, https:\/\/mariuszmoszczynski.pl\/wp-content\/uploads\/2025\/01\/DSC05026-800x1200.jpg 800w, https:\/\/mariuszmoszczynski.pl\/wp-content\/uploads\/2025\/01\/DSC05026-1280x1920.jpg 1280w, https:\/\/mariuszmoszczynski.pl\/wp-content\/uploads\/2025\/01\/DSC05026.jpg 1365w\" sizes=\"(max-width: 200px) 100vw, 200px\" \/><\/a>\n\t\t\t<\/dt><\/dl><dl class='gallery-item'>\n\t\t\t<dt class='gallery-icon landscape'>\n\t\t\t\t<a data-elementor-open-lightbox=\"yes\" data-elementor-lightbox-slideshow=\"3bd9a16\" data-elementor-lightbox-title=\"DSC05025\" data-e-action-hash=\"#elementor-action%3Aaction%3Dlightbox%26settings%3DeyJpZCI6MTMyNywidXJsIjoiaHR0cHM6XC9cL21hcml1c3ptb3N6Y3p5bnNraS5wbFwvd3AtY29udGVudFwvdXBsb2Fkc1wvMjAyNVwvMDFcL0RTQzA1MDI1LmpwZyIsInNsaWRlc2hvdyI6IjNiZDlhMTYifQ%3D%3D\" href='https:\/\/mariuszmoszczynski.pl\/wp-content\/uploads\/2025\/01\/DSC05025.jpg'><img loading=\"lazy\" decoding=\"async\" width=\"300\" height=\"200\" src=\"https:\/\/mariuszmoszczynski.pl\/wp-content\/uploads\/2025\/01\/DSC05025-300x200.jpg\" class=\"attachment-medium size-medium\" alt=\"\" srcset=\"https:\/\/mariuszmoszczynski.pl\/wp-content\/uploads\/2025\/01\/DSC05025-300x200.jpg 300w, https:\/\/mariuszmoszczynski.pl\/wp-content\/uploads\/2025\/01\/DSC05025-1024x683.jpg 1024w, https:\/\/mariuszmoszczynski.pl\/wp-content\/uploads\/2025\/01\/DSC05025-768x512.jpg 768w, https:\/\/mariuszmoszczynski.pl\/wp-content\/uploads\/2025\/01\/DSC05025-1536x1024.jpg 1536w, https:\/\/mariuszmoszczynski.pl\/wp-content\/uploads\/2025\/01\/DSC05025-500x333.jpg 500w, https:\/\/mariuszmoszczynski.pl\/wp-content\/uploads\/2025\/01\/DSC05025-800x533.jpg 800w, https:\/\/mariuszmoszczynski.pl\/wp-content\/uploads\/2025\/01\/DSC05025-1280x853.jpg 1280w, https:\/\/mariuszmoszczynski.pl\/wp-content\/uploads\/2025\/01\/DSC05025-1920x1280.jpg 1920w, https:\/\/mariuszmoszczynski.pl\/wp-content\/uploads\/2025\/01\/DSC05025.jpg 2048w\" sizes=\"(max-width: 300px) 100vw, 300px\" \/><\/a>\n\t\t\t<\/dt><\/dl><br style=\"clear: both\" \/><dl class='gallery-item'>\n\t\t\t<dt class='gallery-icon landscape'>\n\t\t\t\t<a data-elementor-open-lightbox=\"yes\" data-elementor-lightbox-slideshow=\"3bd9a16\" data-elementor-lightbox-title=\"DSC05302\" data-e-action-hash=\"#elementor-action%3Aaction%3Dlightbox%26settings%3DeyJpZCI6MTMzMiwidXJsIjoiaHR0cHM6XC9cL21hcml1c3ptb3N6Y3p5bnNraS5wbFwvd3AtY29udGVudFwvdXBsb2Fkc1wvMjAyNVwvMDFcL0RTQzA1MzAyLmpwZyIsInNsaWRlc2hvdyI6IjNiZDlhMTYifQ%3D%3D\" href='https:\/\/mariuszmoszczynski.pl\/wp-content\/uploads\/2025\/01\/DSC05302.jpg'><img loading=\"lazy\" decoding=\"async\" width=\"300\" height=\"200\" src=\"https:\/\/mariuszmoszczynski.pl\/wp-content\/uploads\/2025\/01\/DSC05302-300x200.jpg\" class=\"attachment-medium size-medium\" alt=\"\" srcset=\"https:\/\/mariuszmoszczynski.pl\/wp-content\/uploads\/2025\/01\/DSC05302-300x200.jpg 300w, https:\/\/mariuszmoszczynski.pl\/wp-content\/uploads\/2025\/01\/DSC05302-1024x683.jpg 1024w, https:\/\/mariuszmoszczynski.pl\/wp-content\/uploads\/2025\/01\/DSC05302-768x512.jpg 768w, https:\/\/mariuszmoszczynski.pl\/wp-content\/uploads\/2025\/01\/DSC05302-1536x1024.jpg 1536w, https:\/\/mariuszmoszczynski.pl\/wp-content\/uploads\/2025\/01\/DSC05302-500x333.jpg 500w, https:\/\/mariuszmoszczynski.pl\/wp-content\/uploads\/2025\/01\/DSC05302-800x533.jpg 800w, https:\/\/mariuszmoszczynski.pl\/wp-content\/uploads\/2025\/01\/DSC05302-1280x853.jpg 1280w, https:\/\/mariuszmoszczynski.pl\/wp-content\/uploads\/2025\/01\/DSC05302-1920x1280.jpg 1920w, https:\/\/mariuszmoszczynski.pl\/wp-content\/uploads\/2025\/01\/DSC05302.jpg 2048w\" sizes=\"(max-width: 300px) 100vw, 300px\" \/><\/a>\n\t\t\t<\/dt><\/dl><dl class='gallery-item'>\n\t\t\t<dt class='gallery-icon landscape'>\n\t\t\t\t<a data-elementor-open-lightbox=\"yes\" data-elementor-lightbox-slideshow=\"3bd9a16\" data-elementor-lightbox-title=\"DSC05300\" data-e-action-hash=\"#elementor-action%3Aaction%3Dlightbox%26settings%3DeyJpZCI6MTMzMCwidXJsIjoiaHR0cHM6XC9cL21hcml1c3ptb3N6Y3p5bnNraS5wbFwvd3AtY29udGVudFwvdXBsb2Fkc1wvMjAyNVwvMDFcL0RTQzA1MzAwLmpwZyIsInNsaWRlc2hvdyI6IjNiZDlhMTYifQ%3D%3D\" href='https:\/\/mariuszmoszczynski.pl\/wp-content\/uploads\/2025\/01\/DSC05300.jpg'><img loading=\"lazy\" decoding=\"async\" width=\"300\" height=\"200\" src=\"https:\/\/mariuszmoszczynski.pl\/wp-content\/uploads\/2025\/01\/DSC05300-300x200.jpg\" class=\"attachment-medium size-medium\" alt=\"\" srcset=\"https:\/\/mariuszmoszczynski.pl\/wp-content\/uploads\/2025\/01\/DSC05300-300x200.jpg 300w, https:\/\/mariuszmoszczynski.pl\/wp-content\/uploads\/2025\/01\/DSC05300-1024x683.jpg 1024w, https:\/\/mariuszmoszczynski.pl\/wp-content\/uploads\/2025\/01\/DSC05300-768x512.jpg 768w, https:\/\/mariuszmoszczynski.pl\/wp-content\/uploads\/2025\/01\/DSC05300-1536x1024.jpg 1536w, https:\/\/mariuszmoszczynski.pl\/wp-content\/uploads\/2025\/01\/DSC05300-500x333.jpg 500w, https:\/\/mariuszmoszczynski.pl\/wp-content\/uploads\/2025\/01\/DSC05300-800x533.jpg 800w, https:\/\/mariuszmoszczynski.pl\/wp-content\/uploads\/2025\/01\/DSC05300-1280x853.jpg 1280w, https:\/\/mariuszmoszczynski.pl\/wp-content\/uploads\/2025\/01\/DSC05300-1920x1280.jpg 1920w, https:\/\/mariuszmoszczynski.pl\/wp-content\/uploads\/2025\/01\/DSC05300.jpg 2048w\" sizes=\"(max-width: 300px) 100vw, 300px\" \/><\/a>\n\t\t\t<\/dt><\/dl><dl class='gallery-item'>\n\t\t\t<dt class='gallery-icon landscape'>\n\t\t\t\t<a data-elementor-open-lightbox=\"yes\" data-elementor-lightbox-slideshow=\"3bd9a16\" data-elementor-lightbox-title=\"18Julii-2\" data-e-action-hash=\"#elementor-action%3Aaction%3Dlightbox%26settings%3DeyJpZCI6MTMxOSwidXJsIjoiaHR0cHM6XC9cL21hcml1c3ptb3N6Y3p5bnNraS5wbFwvd3AtY29udGVudFwvdXBsb2Fkc1wvMjAyNVwvMDFcLzE4SnVsaWktMi1zY2FsZWQuanBnIiwic2xpZGVzaG93IjoiM2JkOWExNiJ9\" href='https:\/\/mariuszmoszczynski.pl\/wp-content\/uploads\/2025\/01\/18Julii-2-scaled.jpg'><img loading=\"lazy\" decoding=\"async\" width=\"300\" height=\"200\" src=\"https:\/\/mariuszmoszczynski.pl\/wp-content\/uploads\/2025\/01\/18Julii-2-300x200.jpg\" class=\"attachment-medium size-medium\" alt=\"\" srcset=\"https:\/\/mariuszmoszczynski.pl\/wp-content\/uploads\/2025\/01\/18Julii-2-300x200.jpg 300w, https:\/\/mariuszmoszczynski.pl\/wp-content\/uploads\/2025\/01\/18Julii-2-1024x683.jpg 1024w, https:\/\/mariuszmoszczynski.pl\/wp-content\/uploads\/2025\/01\/18Julii-2-768x512.jpg 768w, https:\/\/mariuszmoszczynski.pl\/wp-content\/uploads\/2025\/01\/18Julii-2-1536x1024.jpg 1536w, https:\/\/mariuszmoszczynski.pl\/wp-content\/uploads\/2025\/01\/18Julii-2-2048x1365.jpg 2048w, https:\/\/mariuszmoszczynski.pl\/wp-content\/uploads\/2025\/01\/18Julii-2-500x333.jpg 500w, https:\/\/mariuszmoszczynski.pl\/wp-content\/uploads\/2025\/01\/18Julii-2-800x533.jpg 800w, https:\/\/mariuszmoszczynski.pl\/wp-content\/uploads\/2025\/01\/18Julii-2-1280x853.jpg 1280w, https:\/\/mariuszmoszczynski.pl\/wp-content\/uploads\/2025\/01\/18Julii-2-1920x1280.jpg 1920w\" sizes=\"(max-width: 300px) 100vw, 300px\" \/><\/a>\n\t\t\t<\/dt><\/dl><dl class='gallery-item'>\n\t\t\t<dt class='gallery-icon landscape'>\n\t\t\t\t<a data-elementor-open-lightbox=\"yes\" data-elementor-lightbox-slideshow=\"3bd9a16\" data-elementor-lightbox-title=\"D3505629\" data-e-action-hash=\"#elementor-action%3Aaction%3Dlightbox%26settings%3DeyJpZCI6MTMyMCwidXJsIjoiaHR0cHM6XC9cL21hcml1c3ptb3N6Y3p5bnNraS5wbFwvd3AtY29udGVudFwvdXBsb2Fkc1wvMjAyNVwvMDFcL0QzNTA1NjI5LmpwZyIsInNsaWRlc2hvdyI6IjNiZDlhMTYifQ%3D%3D\" href='https:\/\/mariuszmoszczynski.pl\/wp-content\/uploads\/2025\/01\/D3505629.jpg'><img loading=\"lazy\" decoding=\"async\" width=\"300\" height=\"200\" src=\"https:\/\/mariuszmoszczynski.pl\/wp-content\/uploads\/2025\/01\/D3505629-300x200.jpg\" class=\"attachment-medium size-medium\" alt=\"\" srcset=\"https:\/\/mariuszmoszczynski.pl\/wp-content\/uploads\/2025\/01\/D3505629-300x200.jpg 300w, https:\/\/mariuszmoszczynski.pl\/wp-content\/uploads\/2025\/01\/D3505629-1024x683.jpg 1024w, https:\/\/mariuszmoszczynski.pl\/wp-content\/uploads\/2025\/01\/D3505629-768x512.jpg 768w, https:\/\/mariuszmoszczynski.pl\/wp-content\/uploads\/2025\/01\/D3505629-1536x1024.jpg 1536w, https:\/\/mariuszmoszczynski.pl\/wp-content\/uploads\/2025\/01\/D3505629-500x333.jpg 500w, https:\/\/mariuszmoszczynski.pl\/wp-content\/uploads\/2025\/01\/D3505629-800x533.jpg 800w, https:\/\/mariuszmoszczynski.pl\/wp-content\/uploads\/2025\/01\/D3505629-1280x853.jpg 1280w, https:\/\/mariuszmoszczynski.pl\/wp-content\/uploads\/2025\/01\/D3505629-1920x1280.jpg 1920w, https:\/\/mariuszmoszczynski.pl\/wp-content\/uploads\/2025\/01\/D3505629.jpg 2048w\" sizes=\"(max-width: 300px) 100vw, 300px\" \/><\/a>\n\t\t\t<\/dt><\/dl><dl class='gallery-item'>\n\t\t\t<dt class='gallery-icon landscape'>\n\t\t\t\t<a data-elementor-open-lightbox=\"yes\" data-elementor-lightbox-slideshow=\"3bd9a16\" data-elementor-lightbox-title=\"DSC05040\" data-e-action-hash=\"#elementor-action%3Aaction%3Dlightbox%26settings%3DeyJpZCI6MTMyOSwidXJsIjoiaHR0cHM6XC9cL21hcml1c3ptb3N6Y3p5bnNraS5wbFwvd3AtY29udGVudFwvdXBsb2Fkc1wvMjAyNVwvMDFcL0RTQzA1MDQwLmpwZyIsInNsaWRlc2hvdyI6IjNiZDlhMTYifQ%3D%3D\" href='https:\/\/mariuszmoszczynski.pl\/wp-content\/uploads\/2025\/01\/DSC05040.jpg'><img loading=\"lazy\" decoding=\"async\" width=\"300\" height=\"200\" src=\"https:\/\/mariuszmoszczynski.pl\/wp-content\/uploads\/2025\/01\/DSC05040-300x200.jpg\" class=\"attachment-medium size-medium\" alt=\"\" srcset=\"https:\/\/mariuszmoszczynski.pl\/wp-content\/uploads\/2025\/01\/DSC05040-300x200.jpg 300w, https:\/\/mariuszmoszczynski.pl\/wp-content\/uploads\/2025\/01\/DSC05040-1024x683.jpg 1024w, https:\/\/mariuszmoszczynski.pl\/wp-content\/uploads\/2025\/01\/DSC05040-768x512.jpg 768w, https:\/\/mariuszmoszczynski.pl\/wp-content\/uploads\/2025\/01\/DSC05040-1536x1024.jpg 1536w, https:\/\/mariuszmoszczynski.pl\/wp-content\/uploads\/2025\/01\/DSC05040-500x333.jpg 500w, https:\/\/mariuszmoszczynski.pl\/wp-content\/uploads\/2025\/01\/DSC05040-800x533.jpg 800w, https:\/\/mariuszmoszczynski.pl\/wp-content\/uploads\/2025\/01\/DSC05040-1280x853.jpg 1280w, https:\/\/mariuszmoszczynski.pl\/wp-content\/uploads\/2025\/01\/DSC05040-1920x1280.jpg 1920w, https:\/\/mariuszmoszczynski.pl\/wp-content\/uploads\/2025\/01\/DSC05040.jpg 2048w\" sizes=\"(max-width: 300px) 100vw, 300px\" \/><\/a>\n\t\t\t<\/dt><\/dl><br style=\"clear: both\" \/>\n\t\t<\/div>\n\t\t<\/div>\n\t\t\t\t\t\t<\/div>\n\t\t\t\t<\/div>\n\t\t\t\t\t<\/div>\n\t\t\t\t<\/div>\n\t\t<div class=\"elementor-element elementor-element-e133f62 e-flex e-con-boxed e-con e-parent\" data-id=\"e133f62\" data-element_type=\"container\">\n\t\t\t\t\t<div class=\"e-con-inner\">\n\t\t\t\t<div class=\"elementor-element elementor-element-916212f elementor-widget elementor-widget-spacer\" data-id=\"916212f\" data-element_type=\"widget\" data-widget_type=\"spacer.default\">\n\t\t\t\t<div class=\"elementor-widget-container\">\n\t\t\t\t\t\t\t<div class=\"elementor-spacer\">\n\t\t\t<div class=\"elementor-spacer-inner\"><\/div>\n\t\t<\/div>\n\t\t\t\t\t\t<\/div>\n\t\t\t\t<\/div>\n\t\t\t\t\t<\/div>\n\t\t\t\t<\/div>\n\t\t\t\t<\/div>\n\t\t","protected":false},"excerpt":{"rendered":"<p>Kalibracja obrazu Precyzyjna kalibracja kolor\u00f3w Kalibracja ekranu monitora Kompletne urz\u0105dzenie do kalibrowania monitor\u00f3w, matryc (ekran\u00f3w) laptop\u00f3w oraz innych wy\u015bwietlaczy (np. telewizory) LCD, LED, PLASMA, OLED, wy\u015bwietlaczy szerokogamutowych, a tak\u017ce projektor\u00f3w. To urz\u0105dzenia przeznaczone nie tylko do zastosowa\u0144 profesjonalnych, ale r\u00f3wnie\u017c prywatnych i hobbystycznych! Pomimo, \u017ce tylko na wy\u015bwietlaczach szerokogamutowych mo\u017cna osi\u0105gn\u0105\u0107 perfekcj\u0119 odwzorowania kolor\u00f3w potrzebn\u0105 [&hellip;]<\/p>\n","protected":false},"author":2,"featured_media":0,"parent":0,"menu_order":0,"comment_status":"closed","ping_status":"closed","template":"elementor_header_footer","meta":{"_monsterinsights_skip_tracking":false,"_monsterinsights_sitenote_active":false,"_monsterinsights_sitenote_note":"","_monsterinsights_sitenote_category":0,"ngg_post_thumbnail":0,"_vp_format_video_url":"","_vp_image_focal_point":[],"footnotes":""},"class_list":["post-1908","page","type-page","status-publish","hentry"],"aioseo_notices":[],"_links":{"self":[{"href":"https:\/\/mariuszmoszczynski.pl\/index.php?rest_route=\/wp\/v2\/pages\/1908","targetHints":{"allow":["GET"]}}],"collection":[{"href":"https:\/\/mariuszmoszczynski.pl\/index.php?rest_route=\/wp\/v2\/pages"}],"about":[{"href":"https:\/\/mariuszmoszczynski.pl\/index.php?rest_route=\/wp\/v2\/types\/page"}],"author":[{"embeddable":true,"href":"https:\/\/mariuszmoszczynski.pl\/index.php?rest_route=\/wp\/v2\/users\/2"}],"replies":[{"embeddable":true,"href":"https:\/\/mariuszmoszczynski.pl\/index.php?rest_route=%2Fwp%2Fv2%2Fcomments&post=1908"}],"version-history":[{"count":13,"href":"https:\/\/mariuszmoszczynski.pl\/index.php?rest_route=\/wp\/v2\/pages\/1908\/revisions"}],"predecessor-version":[{"id":1925,"href":"https:\/\/mariuszmoszczynski.pl\/index.php?rest_route=\/wp\/v2\/pages\/1908\/revisions\/1925"}],"wp:attachment":[{"href":"https:\/\/mariuszmoszczynski.pl\/index.php?rest_route=%2Fwp%2Fv2%2Fmedia&parent=1908"}],"curies":[{"name":"wp","href":"https:\/\/api.w.org\/{rel}","templated":true}]}}