{"id":1846,"date":"2025-02-07T09:29:10","date_gmt":"2025-02-07T08:29:10","guid":{"rendered":"https:\/\/mariuszmoszczynski.pl\/?page_id=1846"},"modified":"2025-02-10T12:51:18","modified_gmt":"2025-02-10T11:51:18","slug":"o-mnie-2","status":"publish","type":"page","link":"https:\/\/mariuszmoszczynski.pl\/?page_id=1846","title":{"rendered":"Portfolio"},"content":{"rendered":"\t\t<div data-elementor-type=\"wp-page\" data-elementor-id=\"1846\" class=\"elementor elementor-1846\">\n\t\t\t\t\t\t<section class=\"elementor-section elementor-top-section elementor-element elementor-element-46d52fb elementor-section-boxed elementor-section-height-default elementor-section-height-default\" data-id=\"46d52fb\" data-element_type=\"section\" data-settings=\"{&quot;background_background&quot;:&quot;classic&quot;}\">\n\t\t\t\t\t\t\t<div class=\"elementor-background-overlay\"><\/div>\n\t\t\t\t\t\t\t<div class=\"elementor-container elementor-column-gap-default\">\n\t\t\t\t\t<div class=\"elementor-column elementor-col-100 elementor-top-column elementor-element elementor-element-5010c91\" data-id=\"5010c91\" data-element_type=\"column\">\n\t\t\t<div class=\"elementor-widget-wrap elementor-element-populated\">\n\t\t\t\t\t\t<div class=\"elementor-element elementor-element-422f62c elementor-widget elementor-widget-heading\" data-id=\"422f62c\" data-element_type=\"widget\" data-widget_type=\"heading.default\">\n\t\t\t\t<div class=\"elementor-widget-container\">\n\t\t\t\t\t<h2 class=\"elementor-heading-title elementor-size-default\">Portfolio<\/h2>\t\t\t\t<\/div>\n\t\t\t\t<\/div>\n\t\t\t\t<div class=\"elementor-element elementor-element-4ed77a3 elementor-widget-divider--view-line elementor-widget elementor-widget-divider\" data-id=\"4ed77a3\" data-element_type=\"widget\" data-widget_type=\"divider.default\">\n\t\t\t\t<div class=\"elementor-widget-container\">\n\t\t\t\t\t\t\t<div class=\"elementor-divider\">\n\t\t\t<span class=\"elementor-divider-separator\">\n\t\t\t\t\t\t<\/span>\n\t\t<\/div>\n\t\t\t\t\t\t<\/div>\n\t\t\t\t<\/div>\n\t\t\t\t\t<\/div>\n\t\t<\/div>\n\t\t\t\t\t<\/div>\n\t\t<\/section>\n\t\t\t\t<section class=\"elementor-section elementor-top-section elementor-element elementor-element-5a6b385 elementor-section-content-middle elementor-section-boxed elementor-section-height-default elementor-section-height-default\" data-id=\"5a6b385\" data-element_type=\"section\">\n\t\t\t\t\t\t<div class=\"elementor-container elementor-column-gap-wide\">\n\t\t\t\t\t<div class=\"elementor-column elementor-col-100 elementor-top-column elementor-element elementor-element-50f5ae9\" data-id=\"50f5ae9\" data-element_type=\"column\">\n\t\t\t<div class=\"elementor-widget-wrap elementor-element-populated\">\n\t\t\t\t<div class=\"elementor-element elementor-element-a0f8bc9 e-grid e-con-boxed e-con e-parent\" data-id=\"a0f8bc9\" data-element_type=\"container\">\n\t\t\t\t\t<div class=\"e-con-inner\">\n\t\t\t\t<div class=\"elementor-element elementor-element-c2fc082 elementor-widget elementor-widget-image\" data-id=\"c2fc082\" data-element_type=\"widget\" data-settings=\"{&quot;_animation&quot;:&quot;none&quot;}\" data-widget_type=\"image.default\">\n\t\t\t\t<div class=\"elementor-widget-container\">\n\t\t\t\t\t\t\t\t\t\t\t\t\t\t\t\t<a href=\"?portfolio=project-1\">\n\t\t\t\t\t\t\t<img fetchpriority=\"high\" decoding=\"async\" width=\"1024\" height=\"683\" src=\"https:\/\/mariuszmoszczynski.pl\/wp-content\/uploads\/2023\/02\/GosiaAdam-193-2-1024x683.jpg\" class=\"elementor-animation-float attachment-large size-large wp-image-1880\" alt=\"\" srcset=\"https:\/\/mariuszmoszczynski.pl\/wp-content\/uploads\/2023\/02\/GosiaAdam-193-2-1024x683.jpg 1024w, https:\/\/mariuszmoszczynski.pl\/wp-content\/uploads\/2023\/02\/GosiaAdam-193-2-300x200.jpg 300w, https:\/\/mariuszmoszczynski.pl\/wp-content\/uploads\/2023\/02\/GosiaAdam-193-2-768x512.jpg 768w, https:\/\/mariuszmoszczynski.pl\/wp-content\/uploads\/2023\/02\/GosiaAdam-193-2-1536x1024.jpg 1536w, https:\/\/mariuszmoszczynski.pl\/wp-content\/uploads\/2023\/02\/GosiaAdam-193-2-2048x1365.jpg 2048w, https:\/\/mariuszmoszczynski.pl\/wp-content\/uploads\/2023\/02\/GosiaAdam-193-2-500x333.jpg 500w, https:\/\/mariuszmoszczynski.pl\/wp-content\/uploads\/2023\/02\/GosiaAdam-193-2-800x533.jpg 800w, https:\/\/mariuszmoszczynski.pl\/wp-content\/uploads\/2023\/02\/GosiaAdam-193-2-1280x853.jpg 1280w, https:\/\/mariuszmoszczynski.pl\/wp-content\/uploads\/2023\/02\/GosiaAdam-193-2-1920x1280.jpg 1920w\" sizes=\"(max-width: 1024px) 100vw, 1024px\" \/>\t\t\t\t\t\t\t\t<\/a>\n\t\t\t\t\t\t\t\t\t\t\t\t\t\t\t<\/div>\n\t\t\t\t<\/div>\n\t\t\t\t<div class=\"elementor-element elementor-element-4e95c33 elementor-invisible elementor-widget elementor-widget-heading\" data-id=\"4e95c33\" data-element_type=\"widget\" data-settings=\"{&quot;_animation&quot;:&quot;fadeIn&quot;}\" data-widget_type=\"heading.default\">\n\t\t\t\t<div class=\"elementor-widget-container\">\n\t\t\t\t\t<h2 class=\"elementor-heading-title elementor-size-default\"><a href=\"?portfolio=project-1\">Reporta\u017c \u015blubny<\/a><\/h2>\t\t\t\t<\/div>\n\t\t\t\t<\/div>\n\t\t\t\t\t<\/div>\n\t\t\t\t<\/div>\n\t\t\t\t<div class=\"elementor-element elementor-element-b38c37b elementor-widget-divider--view-line elementor-widget elementor-widget-divider\" data-id=\"b38c37b\" data-element_type=\"widget\" data-widget_type=\"divider.default\">\n\t\t\t\t<div class=\"elementor-widget-container\">\n\t\t\t\t\t\t\t<div class=\"elementor-divider\">\n\t\t\t<span class=\"elementor-divider-separator\">\n\t\t\t\t\t\t<\/span>\n\t\t<\/div>\n\t\t\t\t\t\t<\/div>\n\t\t\t\t<\/div>\n\t\t<div class=\"elementor-element elementor-element-3469f91 e-grid e-con-boxed e-con e-parent\" data-id=\"3469f91\" data-element_type=\"container\">\n\t\t\t\t\t<div class=\"e-con-inner\">\n\t\t\t\t<div class=\"elementor-element elementor-element-f579094 elementor-widget elementor-widget-image\" data-id=\"f579094\" data-element_type=\"widget\" data-settings=\"{&quot;_animation&quot;:&quot;none&quot;}\" data-widget_type=\"image.default\">\n\t\t\t\t<div class=\"elementor-widget-container\">\n\t\t\t\t\t\t\t\t\t\t\t\t\t\t\t\t<a href=\"?portfolio=project-2\">\n\t\t\t\t\t\t\t<img decoding=\"async\" width=\"768\" height=\"512\" src=\"https:\/\/mariuszmoszczynski.pl\/wp-content\/uploads\/2025\/02\/GosiaAdam_sesja-75-768x512-1.jpg\" class=\"elementor-animation-float attachment-large size-large wp-image-1852\" alt=\"\" srcset=\"https:\/\/mariuszmoszczynski.pl\/wp-content\/uploads\/2025\/02\/GosiaAdam_sesja-75-768x512-1.jpg 768w, https:\/\/mariuszmoszczynski.pl\/wp-content\/uploads\/2025\/02\/GosiaAdam_sesja-75-768x512-1-300x200.jpg 300w, https:\/\/mariuszmoszczynski.pl\/wp-content\/uploads\/2025\/02\/GosiaAdam_sesja-75-768x512-1-500x333.jpg 500w\" sizes=\"(max-width: 768px) 100vw, 768px\" \/>\t\t\t\t\t\t\t\t<\/a>\n\t\t\t\t\t\t\t\t\t\t\t\t\t\t\t<\/div>\n\t\t\t\t<\/div>\n\t\t\t\t<div class=\"elementor-element elementor-element-291a23a elementor-invisible elementor-widget elementor-widget-heading\" data-id=\"291a23a\" data-element_type=\"widget\" data-settings=\"{&quot;_animation&quot;:&quot;fadeIn&quot;}\" data-widget_type=\"heading.default\">\n\t\t\t\t<div class=\"elementor-widget-container\">\n\t\t\t\t\t<h2 class=\"elementor-heading-title elementor-size-default\"><a href=\"?portfolio=project-2\">Sesja \u015blubna<\/a><\/h2>\t\t\t\t<\/div>\n\t\t\t\t<\/div>\n\t\t\t\t\t<\/div>\n\t\t\t\t<\/div>\n\t\t\t\t<div class=\"elementor-element elementor-element-f50f8c3 elementor-widget-divider--view-line elementor-widget elementor-widget-divider\" data-id=\"f50f8c3\" data-element_type=\"widget\" data-widget_type=\"divider.default\">\n\t\t\t\t<div class=\"elementor-widget-container\">\n\t\t\t\t\t\t\t<div class=\"elementor-divider\">\n\t\t\t<span class=\"elementor-divider-separator\">\n\t\t\t\t\t\t<\/span>\n\t\t<\/div>\n\t\t\t\t\t\t<\/div>\n\t\t\t\t<\/div>\n\t\t<div class=\"elementor-element elementor-element-4e463d9 e-grid e-con-full e-con e-parent\" data-id=\"4e463d9\" data-element_type=\"container\">\n\t\t\t\t<div class=\"elementor-element elementor-element-704a3d0 elementor-widget elementor-widget-image\" data-id=\"704a3d0\" data-element_type=\"widget\" data-settings=\"{&quot;_animation&quot;:&quot;none&quot;}\" data-widget_type=\"image.default\">\n\t\t\t\t<div class=\"elementor-widget-container\">\n\t\t\t\t\t\t\t\t\t\t\t\t\t\t\t\t<a href=\"?portfolio=project-3\">\n\t\t\t\t\t\t\t<img decoding=\"async\" width=\"1024\" height=\"683\" src=\"https:\/\/mariuszmoszczynski.pl\/wp-content\/uploads\/2025\/02\/Sesja-34-1024x683-3.jpg\" class=\"elementor-animation-float attachment-large size-large wp-image-1856\" alt=\"\" srcset=\"https:\/\/mariuszmoszczynski.pl\/wp-content\/uploads\/2025\/02\/Sesja-34-1024x683-3.jpg 1024w, https:\/\/mariuszmoszczynski.pl\/wp-content\/uploads\/2025\/02\/Sesja-34-1024x683-3-300x200.jpg 300w, https:\/\/mariuszmoszczynski.pl\/wp-content\/uploads\/2025\/02\/Sesja-34-1024x683-3-768x512.jpg 768w, https:\/\/mariuszmoszczynski.pl\/wp-content\/uploads\/2025\/02\/Sesja-34-1024x683-3-500x333.jpg 500w, https:\/\/mariuszmoszczynski.pl\/wp-content\/uploads\/2025\/02\/Sesja-34-1024x683-3-800x534.jpg 800w\" sizes=\"(max-width: 1024px) 100vw, 1024px\" \/>\t\t\t\t\t\t\t\t<\/a>\n\t\t\t\t\t\t\t\t\t\t\t\t\t\t\t<\/div>\n\t\t\t\t<\/div>\n\t\t\t\t<div class=\"elementor-element elementor-element-93b328c elementor-invisible elementor-widget elementor-widget-heading\" data-id=\"93b328c\" data-element_type=\"widget\" data-settings=\"{&quot;_animation&quot;:&quot;fadeIn&quot;}\" data-widget_type=\"heading.default\">\n\t\t\t\t<div class=\"elementor-widget-container\">\n\t\t\t\t\t<h2 class=\"elementor-heading-title elementor-size-default\"><a href=\"?portfolio=project-3\">Sesja narzecze\u0144ska<\/a><\/h2>\t\t\t\t<\/div>\n\t\t\t\t<\/div>\n\t\t\t\t<\/div>\n\t\t\t\t<div class=\"elementor-element elementor-element-065a9f4 elementor-widget-divider--view-line elementor-widget elementor-widget-divider\" data-id=\"065a9f4\" data-element_type=\"widget\" data-widget_type=\"divider.default\">\n\t\t\t\t<div class=\"elementor-widget-container\">\n\t\t\t\t\t\t\t<div class=\"elementor-divider\">\n\t\t\t<span class=\"elementor-divider-separator\">\n\t\t\t\t\t\t<\/span>\n\t\t<\/div>\n\t\t\t\t\t\t<\/div>\n\t\t\t\t<\/div>\n\t\t<div class=\"elementor-element elementor-element-2beadf0 e-grid e-con-full e-con e-parent\" data-id=\"2beadf0\" data-element_type=\"container\">\n\t\t\t\t<div class=\"elementor-element elementor-element-b45e69b elementor-widget elementor-widget-image\" data-id=\"b45e69b\" data-element_type=\"widget\" data-widget_type=\"image.default\">\n\t\t\t\t<div class=\"elementor-widget-container\">\n\t\t\t\t\t\t\t\t\t\t\t\t\t\t\t\t<a href=\"?portfolio=project-6\">\n\t\t\t\t\t\t\t<img loading=\"lazy\" decoding=\"async\" width=\"1024\" height=\"684\" src=\"https:\/\/mariuszmoszczynski.pl\/wp-content\/uploads\/2025\/02\/Chrzest_Lei-37-1024x684-1.jpg\" class=\"elementor-animation-float attachment-large size-large wp-image-1857\" alt=\"\" srcset=\"https:\/\/mariuszmoszczynski.pl\/wp-content\/uploads\/2025\/02\/Chrzest_Lei-37-1024x684-1.jpg 1024w, https:\/\/mariuszmoszczynski.pl\/wp-content\/uploads\/2025\/02\/Chrzest_Lei-37-1024x684-1-300x200.jpg 300w, https:\/\/mariuszmoszczynski.pl\/wp-content\/uploads\/2025\/02\/Chrzest_Lei-37-1024x684-1-768x513.jpg 768w, https:\/\/mariuszmoszczynski.pl\/wp-content\/uploads\/2025\/02\/Chrzest_Lei-37-1024x684-1-500x334.jpg 500w, https:\/\/mariuszmoszczynski.pl\/wp-content\/uploads\/2025\/02\/Chrzest_Lei-37-1024x684-1-800x534.jpg 800w\" sizes=\"(max-width: 1024px) 100vw, 1024px\" \/>\t\t\t\t\t\t\t\t<\/a>\n\t\t\t\t\t\t\t\t\t\t\t\t\t\t\t<\/div>\n\t\t\t\t<\/div>\n\t\t\t\t<div class=\"elementor-element elementor-element-786573b elementor-invisible elementor-widget elementor-widget-heading\" data-id=\"786573b\" data-element_type=\"widget\" data-settings=\"{&quot;_animation&quot;:&quot;fadeIn&quot;}\" data-widget_type=\"heading.default\">\n\t\t\t\t<div class=\"elementor-widget-container\">\n\t\t\t\t\t<h2 class=\"elementor-heading-title elementor-size-default\"><a href=\"?portfolio=project-6\">Chrzest \u015awi\u0119ty<\/a><\/h2>\t\t\t\t<\/div>\n\t\t\t\t<\/div>\n\t\t\t\t<\/div>\n\t\t\t\t<div class=\"elementor-element elementor-element-37c4fec elementor-widget-divider--view-line elementor-widget elementor-widget-divider\" data-id=\"37c4fec\" data-element_type=\"widget\" data-widget_type=\"divider.default\">\n\t\t\t\t<div class=\"elementor-widget-container\">\n\t\t\t\t\t\t\t<div class=\"elementor-divider\">\n\t\t\t<span class=\"elementor-divider-separator\">\n\t\t\t\t\t\t<\/span>\n\t\t<\/div>\n\t\t\t\t\t\t<\/div>\n\t\t\t\t<\/div>\n\t\t<div class=\"elementor-element elementor-element-dd7bdb2 e-grid e-con-full e-con e-parent\" data-id=\"dd7bdb2\" data-element_type=\"container\">\n\t\t\t\t<div class=\"elementor-element elementor-element-aeee199 elementor-widget elementor-widget-image\" data-id=\"aeee199\" data-element_type=\"widget\" data-widget_type=\"image.default\">\n\t\t\t\t<div class=\"elementor-widget-container\">\n\t\t\t\t\t\t\t\t\t\t\t\t\t\t\t\t<a href=\"?page_id=1900\">\n\t\t\t\t\t\t\t<img loading=\"lazy\" decoding=\"async\" width=\"1024\" height=\"739\" src=\"https:\/\/mariuszmoszczynski.pl\/wp-content\/uploads\/2025\/02\/WieczorPanienski-18-2-scaled-e1738847491876-1024x739-1.jpg\" class=\"elementor-animation-float attachment-large size-large wp-image-1858\" alt=\"\" srcset=\"https:\/\/mariuszmoszczynski.pl\/wp-content\/uploads\/2025\/02\/WieczorPanienski-18-2-scaled-e1738847491876-1024x739-1.jpg 1024w, https:\/\/mariuszmoszczynski.pl\/wp-content\/uploads\/2025\/02\/WieczorPanienski-18-2-scaled-e1738847491876-1024x739-1-300x217.jpg 300w, https:\/\/mariuszmoszczynski.pl\/wp-content\/uploads\/2025\/02\/WieczorPanienski-18-2-scaled-e1738847491876-1024x739-1-768x554.jpg 768w, https:\/\/mariuszmoszczynski.pl\/wp-content\/uploads\/2025\/02\/WieczorPanienski-18-2-scaled-e1738847491876-1024x739-1-500x361.jpg 500w, https:\/\/mariuszmoszczynski.pl\/wp-content\/uploads\/2025\/02\/WieczorPanienski-18-2-scaled-e1738847491876-1024x739-1-800x577.jpg 800w\" sizes=\"(max-width: 1024px) 100vw, 1024px\" \/>\t\t\t\t\t\t\t\t<\/a>\n\t\t\t\t\t\t\t\t\t\t\t\t\t\t\t<\/div>\n\t\t\t\t<\/div>\n\t\t\t\t<div class=\"elementor-element elementor-element-8cf1ea9 elementor-invisible elementor-widget elementor-widget-heading\" data-id=\"8cf1ea9\" data-element_type=\"widget\" data-settings=\"{&quot;_animation&quot;:&quot;fadeIn&quot;}\" data-widget_type=\"heading.default\">\n\t\t\t\t<div class=\"elementor-widget-container\">\n\t\t\t\t\t<h2 class=\"elementor-heading-title elementor-size-default\"><a href=\"?page_id=1900\">Wiecz\u00f3r panie\u0144ski<\/a><\/h2>\t\t\t\t<\/div>\n\t\t\t\t<\/div>\n\t\t\t\t<\/div>\n\t\t\t\t<div class=\"elementor-element elementor-element-15e5706 elementor-widget-divider--view-line elementor-widget elementor-widget-divider\" data-id=\"15e5706\" data-element_type=\"widget\" data-widget_type=\"divider.default\">\n\t\t\t\t<div class=\"elementor-widget-container\">\n\t\t\t\t\t\t\t<div class=\"elementor-divider\">\n\t\t\t<span class=\"elementor-divider-separator\">\n\t\t\t\t\t\t<\/span>\n\t\t<\/div>\n\t\t\t\t\t\t<\/div>\n\t\t\t\t<\/div>\n\t\t<div class=\"elementor-element elementor-element-b2177fb e-grid e-con-full e-con e-parent\" data-id=\"b2177fb\" data-element_type=\"container\">\n\t\t\t\t<div class=\"elementor-element elementor-element-99b03ed elementor-widget elementor-widget-image\" data-id=\"99b03ed\" data-element_type=\"widget\" data-widget_type=\"image.default\">\n\t\t\t\t<div class=\"elementor-widget-container\">\n\t\t\t\t\t\t\t\t\t\t\t\t\t\t\t\t<a href=\"?page_id=1903\">\n\t\t\t\t\t\t\t<img loading=\"lazy\" decoding=\"async\" width=\"1024\" height=\"684\" src=\"https:\/\/mariuszmoszczynski.pl\/wp-content\/uploads\/2025\/02\/18_Aleksandry-251-1024x684-1.jpg\" class=\"elementor-animation-float attachment-large size-large wp-image-1859\" alt=\"\" srcset=\"https:\/\/mariuszmoszczynski.pl\/wp-content\/uploads\/2025\/02\/18_Aleksandry-251-1024x684-1.jpg 1024w, https:\/\/mariuszmoszczynski.pl\/wp-content\/uploads\/2025\/02\/18_Aleksandry-251-1024x684-1-300x200.jpg 300w, https:\/\/mariuszmoszczynski.pl\/wp-content\/uploads\/2025\/02\/18_Aleksandry-251-1024x684-1-768x513.jpg 768w, https:\/\/mariuszmoszczynski.pl\/wp-content\/uploads\/2025\/02\/18_Aleksandry-251-1024x684-1-500x334.jpg 500w, https:\/\/mariuszmoszczynski.pl\/wp-content\/uploads\/2025\/02\/18_Aleksandry-251-1024x684-1-800x534.jpg 800w\" sizes=\"(max-width: 1024px) 100vw, 1024px\" \/>\t\t\t\t\t\t\t\t<\/a>\n\t\t\t\t\t\t\t\t\t\t\t\t\t\t\t<\/div>\n\t\t\t\t<\/div>\n\t\t\t\t<div class=\"elementor-element elementor-element-6efeb5b elementor-invisible elementor-widget elementor-widget-heading\" data-id=\"6efeb5b\" data-element_type=\"widget\" data-settings=\"{&quot;_animation&quot;:&quot;fadeIn&quot;}\" data-widget_type=\"heading.default\">\n\t\t\t\t<div class=\"elementor-widget-container\">\n\t\t\t\t\t<h2 class=\"elementor-heading-title elementor-size-default\"><a href=\"?page_id=1903\">Imprezy okoliczno\u015bciowe<\/a><\/h2>\t\t\t\t<\/div>\n\t\t\t\t<\/div>\n\t\t\t\t<\/div>\n\t\t\t\t<div class=\"elementor-element elementor-element-116c4ae elementor-widget-divider--view-line elementor-widget elementor-widget-divider\" data-id=\"116c4ae\" data-element_type=\"widget\" data-widget_type=\"divider.default\">\n\t\t\t\t<div class=\"elementor-widget-container\">\n\t\t\t\t\t\t\t<div class=\"elementor-divider\">\n\t\t\t<span class=\"elementor-divider-separator\">\n\t\t\t\t\t\t<\/span>\n\t\t<\/div>\n\t\t\t\t\t\t<\/div>\n\t\t\t\t<\/div>\n\t\t<div class=\"elementor-element elementor-element-9f5e8e9 e-grid e-con-full e-con e-parent\" data-id=\"9f5e8e9\" data-element_type=\"container\">\n\t\t\t\t<div class=\"elementor-element elementor-element-0903602 elementor-widget elementor-widget-image\" data-id=\"0903602\" data-element_type=\"widget\" data-widget_type=\"image.default\">\n\t\t\t\t<div class=\"elementor-widget-container\">\n\t\t\t\t\t\t\t\t\t\t\t\t\t\t\t\t<a href=\"?portfolio=project-4\">\n\t\t\t\t\t\t\t<img loading=\"lazy\" decoding=\"async\" width=\"1024\" height=\"684\" src=\"https:\/\/mariuszmoszczynski.pl\/wp-content\/uploads\/2025\/02\/RoczekIgnacego-102-2-1024x684-1.jpg\" class=\"elementor-animation-float attachment-large size-large wp-image-1860\" alt=\"\" srcset=\"https:\/\/mariuszmoszczynski.pl\/wp-content\/uploads\/2025\/02\/RoczekIgnacego-102-2-1024x684-1.jpg 1024w, https:\/\/mariuszmoszczynski.pl\/wp-content\/uploads\/2025\/02\/RoczekIgnacego-102-2-1024x684-1-300x200.jpg 300w, https:\/\/mariuszmoszczynski.pl\/wp-content\/uploads\/2025\/02\/RoczekIgnacego-102-2-1024x684-1-768x513.jpg 768w, https:\/\/mariuszmoszczynski.pl\/wp-content\/uploads\/2025\/02\/RoczekIgnacego-102-2-1024x684-1-500x334.jpg 500w, https:\/\/mariuszmoszczynski.pl\/wp-content\/uploads\/2025\/02\/RoczekIgnacego-102-2-1024x684-1-800x534.jpg 800w\" sizes=\"(max-width: 1024px) 100vw, 1024px\" \/>\t\t\t\t\t\t\t\t<\/a>\n\t\t\t\t\t\t\t\t\t\t\t\t\t\t\t<\/div>\n\t\t\t\t<\/div>\n\t\t\t\t<div class=\"elementor-element elementor-element-2740e2c elementor-invisible elementor-widget elementor-widget-heading\" data-id=\"2740e2c\" data-element_type=\"widget\" data-settings=\"{&quot;_animation&quot;:&quot;fadeIn&quot;}\" data-widget_type=\"heading.default\">\n\t\t\t\t<div class=\"elementor-widget-container\">\n\t\t\t\t\t<h2 class=\"elementor-heading-title elementor-size-default\"><a href=\"?portfolio=project-4\">Sesje rodzinne<\/a><\/h2>\t\t\t\t<\/div>\n\t\t\t\t<\/div>\n\t\t\t\t<\/div>\n\t\t\t\t<div class=\"elementor-element elementor-element-374ea71 elementor-widget-divider--view-line elementor-widget elementor-widget-divider\" data-id=\"374ea71\" data-element_type=\"widget\" data-widget_type=\"divider.default\">\n\t\t\t\t<div class=\"elementor-widget-container\">\n\t\t\t\t\t\t\t<div class=\"elementor-divider\">\n\t\t\t<span class=\"elementor-divider-separator\">\n\t\t\t\t\t\t<\/span>\n\t\t<\/div>\n\t\t\t\t\t\t<\/div>\n\t\t\t\t<\/div>\n\t\t<div class=\"elementor-element elementor-element-302dd29 e-grid e-con-full e-con e-parent\" data-id=\"302dd29\" data-element_type=\"container\">\n\t\t\t\t<div class=\"elementor-element elementor-element-a6ce497 elementor-widget elementor-widget-image\" data-id=\"a6ce497\" data-element_type=\"widget\" data-widget_type=\"image.default\">\n\t\t\t\t<div class=\"elementor-widget-container\">\n\t\t\t\t\t\t\t\t\t\t\t\t\t\t\t\t<a href=\"?portfolio=project-5\">\n\t\t\t\t\t\t\t<img loading=\"lazy\" decoding=\"async\" width=\"1024\" height=\"683\" src=\"https:\/\/mariuszmoszczynski.pl\/wp-content\/uploads\/2025\/02\/KomuniaWiktora-132-1024x683-1.jpg\" class=\"elementor-animation-float attachment-large size-large wp-image-1861\" alt=\"\" srcset=\"https:\/\/mariuszmoszczynski.pl\/wp-content\/uploads\/2025\/02\/KomuniaWiktora-132-1024x683-1.jpg 1024w, https:\/\/mariuszmoszczynski.pl\/wp-content\/uploads\/2025\/02\/KomuniaWiktora-132-1024x683-1-300x200.jpg 300w, https:\/\/mariuszmoszczynski.pl\/wp-content\/uploads\/2025\/02\/KomuniaWiktora-132-1024x683-1-768x512.jpg 768w, https:\/\/mariuszmoszczynski.pl\/wp-content\/uploads\/2025\/02\/KomuniaWiktora-132-1024x683-1-500x333.jpg 500w, https:\/\/mariuszmoszczynski.pl\/wp-content\/uploads\/2025\/02\/KomuniaWiktora-132-1024x683-1-800x534.jpg 800w\" sizes=\"(max-width: 1024px) 100vw, 1024px\" \/>\t\t\t\t\t\t\t\t<\/a>\n\t\t\t\t\t\t\t\t\t\t\t\t\t\t\t<\/div>\n\t\t\t\t<\/div>\n\t\t\t\t<div class=\"elementor-element elementor-element-77aede0 elementor-invisible elementor-widget elementor-widget-heading\" data-id=\"77aede0\" data-element_type=\"widget\" data-settings=\"{&quot;_animation&quot;:&quot;fadeIn&quot;}\" data-widget_type=\"heading.default\">\n\t\t\t\t<div class=\"elementor-widget-container\">\n\t\t\t\t\t<h2 class=\"elementor-heading-title elementor-size-default\"><a href=\"?portfolio=project-5\">I Komunia \u015awi\u0119ta<\/a><\/h2>\t\t\t\t<\/div>\n\t\t\t\t<\/div>\n\t\t\t\t<\/div>\n\t\t\t\t\t<\/div>\n\t\t<\/div>\n\t\t\t\t\t<\/div>\n\t\t<\/section>\n\t\t\t\t<\/div>\n\t\t","protected":false},"excerpt":{"rendered":"<p>Portfolio Reporta\u017c \u015blubny Sesja \u015blubna Sesja narzecze\u0144ska Chrzest \u015awi\u0119ty Wiecz\u00f3r panie\u0144ski Imprezy okoliczno\u015bciowe Sesje rodzinne I Komunia \u015awi\u0119ta<\/p>\n","protected":false},"author":2,"featured_media":0,"parent":0,"menu_order":0,"comment_status":"closed","ping_status":"closed","template":"elementor_header_footer","meta":{"_monsterinsights_skip_tracking":false,"_monsterinsights_sitenote_active":false,"_monsterinsights_sitenote_note":"","_monsterinsights_sitenote_category":0,"ngg_post_thumbnail":0,"_vp_format_video_url":"","_vp_image_focal_point":[],"footnotes":""},"class_list":["post-1846","page","type-page","status-publish","hentry"],"aioseo_notices":[],"_links":{"self":[{"href":"https:\/\/mariuszmoszczynski.pl\/index.php?rest_route=\/wp\/v2\/pages\/1846","targetHints":{"allow":["GET"]}}],"collection":[{"href":"https:\/\/mariuszmoszczynski.pl\/index.php?rest_route=\/wp\/v2\/pages"}],"about":[{"href":"https:\/\/mariuszmoszczynski.pl\/index.php?rest_route=\/wp\/v2\/types\/page"}],"author":[{"embeddable":true,"href":"https:\/\/mariuszmoszczynski.pl\/index.php?rest_route=\/wp\/v2\/users\/2"}],"replies":[{"embeddable":true,"href":"https:\/\/mariuszmoszczynski.pl\/index.php?rest_route=%2Fwp%2Fv2%2Fcomments&post=1846"}],"version-history":[{"count":37,"href":"https:\/\/mariuszmoszczynski.pl\/index.php?rest_route=\/wp\/v2\/pages\/1846\/revisions"}],"predecessor-version":[{"id":1943,"href":"https:\/\/mariuszmoszczynski.pl\/index.php?rest_route=\/wp\/v2\/pages\/1846\/revisions\/1943"}],"wp:attachment":[{"href":"https:\/\/mariuszmoszczynski.pl\/index.php?rest_route=%2Fwp%2Fv2%2Fmedia&parent=1846"}],"curies":[{"name":"wp","href":"https:\/\/api.w.org\/{rel}","templated":true}]}}