{"id":1277,"date":"2025-01-05T15:49:50","date_gmt":"2025-01-05T14:49:50","guid":{"rendered":"https:\/\/mariuszmoszczynski.pl\/?page_id=1277"},"modified":"2025-01-09T14:07:43","modified_gmt":"2025-01-09T13:07:43","slug":"dron-2","status":"publish","type":"page","link":"https:\/\/mariuszmoszczynski.pl\/?page_id=1277","title":{"rendered":"Zdj\u0119cia | film z drona"},"content":{"rendered":"\t\t<div data-elementor-type=\"wp-page\" data-elementor-id=\"1277\" class=\"elementor elementor-1277\">\n\t\t\t\t\t\t<section class=\"elementor-section elementor-top-section elementor-element elementor-element-46d52fb elementor-section-boxed elementor-section-height-default elementor-section-height-default\" data-id=\"46d52fb\" data-element_type=\"section\" data-settings=\"{&quot;background_background&quot;:&quot;classic&quot;}\">\n\t\t\t\t\t\t\t<div class=\"elementor-background-overlay\"><\/div>\n\t\t\t\t\t\t\t<div class=\"elementor-container elementor-column-gap-default\">\n\t\t\t\t\t<div class=\"elementor-column elementor-col-100 elementor-top-column elementor-element elementor-element-5010c91\" data-id=\"5010c91\" data-element_type=\"column\">\n\t\t\t<div class=\"elementor-widget-wrap elementor-element-populated\">\n\t\t\t\t\t\t<div class=\"elementor-element elementor-element-422f62c elementor-widget elementor-widget-heading\" data-id=\"422f62c\" data-element_type=\"widget\" data-widget_type=\"heading.default\">\n\t\t\t\t<div class=\"elementor-widget-container\">\n\t\t\t\t\t<h2 class=\"elementor-heading-title elementor-size-default\">Us\u0142ugi dronem<\/h2>\t\t\t\t<\/div>\n\t\t\t\t<\/div>\n\t\t\t\t<div class=\"elementor-element elementor-element-4ed77a3 elementor-widget-divider--view-line elementor-widget elementor-widget-divider\" data-id=\"4ed77a3\" data-element_type=\"widget\" data-widget_type=\"divider.default\">\n\t\t\t\t<div class=\"elementor-widget-container\">\n\t\t\t\t\t\t\t<div class=\"elementor-divider\">\n\t\t\t<span class=\"elementor-divider-separator\">\n\t\t\t\t\t\t<\/span>\n\t\t<\/div>\n\t\t\t\t\t\t<\/div>\n\t\t\t\t<\/div>\n\t\t\t\t<div class=\"elementor-element elementor-element-6763157 elementor-widget elementor-widget-heading\" data-id=\"6763157\" data-element_type=\"widget\" data-widget_type=\"heading.default\">\n\t\t\t\t<div class=\"elementor-widget-container\">\n\t\t\t\t\t<h5 class=\"elementor-heading-title elementor-size-default\">zdj\u0119cia z lotu ptaka<\/h5>\t\t\t\t<\/div>\n\t\t\t\t<\/div>\n\t\t\t\t\t<\/div>\n\t\t<\/div>\n\t\t\t\t\t<\/div>\n\t\t<\/section>\n\t\t\t\t<section class=\"elementor-section elementor-top-section elementor-element elementor-element-5a6b385 elementor-section-content-middle elementor-section-boxed elementor-section-height-default elementor-section-height-default\" data-id=\"5a6b385\" data-element_type=\"section\">\n\t\t\t\t\t\t<div class=\"elementor-container elementor-column-gap-wide\">\n\t\t\t\t\t<div class=\"elementor-column elementor-col-50 elementor-top-column elementor-element elementor-element-50f5ae9\" data-id=\"50f5ae9\" data-element_type=\"column\">\n\t\t\t<div class=\"elementor-widget-wrap elementor-element-populated\">\n\t\t\t\t\t\t<div class=\"elementor-element elementor-element-e6f3915 elementor-widget elementor-widget-image\" data-id=\"e6f3915\" data-element_type=\"widget\" data-widget_type=\"image.default\">\n\t\t\t\t<div class=\"elementor-widget-container\">\n\t\t\t\t\t\t\t\t\t\t\t\t\t\t\t<img decoding=\"async\" src=\"https:\/\/mariuszmoszczynski.pl\/wp-content\/uploads\/elementor\/thumbs\/DSC00442-qzpgs71lk33s5smk884yqfko2sdkkk5fzgxk827ww0.jpg\" title=\"DSC00442\" alt=\"DSC00442\" loading=\"lazy\" \/>\t\t\t\t\t\t\t\t\t\t\t\t\t\t\t<\/div>\n\t\t\t\t<\/div>\n\t\t\t\t\t<\/div>\n\t\t<\/div>\n\t\t\t\t<div class=\"elementor-column elementor-col-50 elementor-top-column elementor-element elementor-element-c489930\" data-id=\"c489930\" data-element_type=\"column\">\n\t\t\t<div class=\"elementor-widget-wrap elementor-element-populated\">\n\t\t\t\t\t\t<div class=\"elementor-element elementor-element-5942240 elementor-widget__width-initial elementor-widget elementor-widget-heading\" data-id=\"5942240\" data-element_type=\"widget\" data-widget_type=\"heading.default\">\n\t\t\t\t<div class=\"elementor-widget-container\">\n\t\t\t\t\t<div class=\"elementor-heading-title elementor-size-default\">Latanie dronem<\/div>\t\t\t\t<\/div>\n\t\t\t\t<\/div>\n\t\t\t\t<div class=\"elementor-element elementor-element-49ff3d3 elementor-widget__width-initial elementor-widget elementor-widget-text-editor\" data-id=\"49ff3d3\" data-element_type=\"widget\" data-widget_type=\"text-editor.default\">\n\t\t\t\t<div class=\"elementor-widget-container\">\n\t\t\t\t\t\t\t\t\t<p style=\"text-align: left;\" align=\"justify\">W mojej ofercie znajduje si\u0119 r\u00f3wnie\u017c profesonalny dron z matryc\u0105 48MP, dzi\u0119ki kt\u00f3remu sesje zdj\u0119ciowe i reporta\u017ce ale r\u00f3wnie\u017c wszelkie zlecenia przenios\u0105 si\u0119 na zupe\u0142nie nowy poziom.<\/p>\n<p style=\"text-align: left;\" align=\"justify\">Uj\u0119cia powsta\u0142e dzi\u0119ki u\u017cyciu drona tj. uj\u0119cia z lotu ptaka pozwol\u0105 stworzy\u0107 wyj\u0105tkowe i unikatowe kadry.<\/p>\n<p style=\"text-align: left;\" align=\"justify\">W ofercie mam r\u00f3wnie\u017c us\u0142ug\u0119 wykonania uj\u0119\u0107 z perspektywy lotu ptaka za pomoc\u0105 drona dla klient\u00f3w indywidualnych oraz biznesowych.<\/p>\n<p style=\"text-align: left;\">\n<\/p>\t\t\t\t\t\t\t\t<\/div>\n\t\t\t\t<\/div>\n\t\t\t\t\t<\/div>\n\t\t<\/div>\n\t\t\t\t\t<\/div>\n\t\t<\/section>\n\t\t<div class=\"elementor-element elementor-element-6f2bde4 e-grid e-con-boxed e-con e-parent\" data-id=\"6f2bde4\" data-element_type=\"container\">\n\t\t\t\t\t<div class=\"e-con-inner\">\n\t\t\t\t<div class=\"elementor-element elementor-element-666a565 elementor-widget elementor-widget-malistena-pricing\" data-id=\"666a565\" data-element_type=\"widget\" data-widget_type=\"malistena-pricing.default\">\n\t\t\t\t<div class=\"elementor-widget-container\">\n\t\t\t\t\t        <div class=\"malistena-pricing\">\r\n            <div class=\"pricing-icon\">\r\n                <i class=\"azr  azr-icon16\"><\/i>            <\/div>\r\n            <h4 class=\"pricing-title\">pakiet 15 zdj\u0119\u0107 \/ 20min filmu<\/h4>\r\n            <div class=\"price\">350 z\u0142<\/div>\r\n            <div class=\"pricing-feadture\"><p>\u00a0<\/p><p><strong>- Czas lotu - 1 x 30min<br \/><\/strong>- DJI mini 3 Pro<br \/>- Rozdzielczo\u015b\u0107 zdj\u0119\u0107: 48 MP<strong><br \/><\/strong>- Rozdzielczo\u015b\u0107 filmu: 4k \/ 60fps<br \/>- Obiektyw o jasno\u015bci f\/1.7<br \/>- Obr\u00f3bka zdj\u0119\u0107 w cenie<\/p><\/div>\r\n            <a class=\"pricing-button\" href=\"\"  target=\"_blank\" rel=\"nofollow\"><\/a>\r\n        <\/div>\r\n        \r\n\t\t\t\t<\/div>\n\t\t\t\t<\/div>\n\t\t\t\t<div class=\"elementor-element elementor-element-2bf6e41 elementor-widget elementor-widget-malistena-pricing\" data-id=\"2bf6e41\" data-element_type=\"widget\" data-widget_type=\"malistena-pricing.default\">\n\t\t\t\t<div class=\"elementor-widget-container\">\n\t\t\t\t\t        <div class=\"malistena-pricing\">\r\n            <div class=\"pricing-icon\">\r\n                <i class=\"azr  azr-icon24\"><\/i>            <\/div>\r\n            <h4 class=\"pricing-title\">Pakiet 30 zdj\u0119\u0107 lub 1h filmu<\/h4>\r\n            <div class=\"price\">600 z\u0142<\/div>\r\n            <div class=\"pricing-feadture\"><p>\u00a0<\/p><p><strong>- Czas lotu - 2 x 30min<br \/><\/strong>- DJI mini 3 Pro<br \/>- Rozdzielczo\u015b\u0107 zdj\u0119\u0107: 48 MP<strong><br \/><\/strong>- Rozdzielczo\u015b\u0107 filmu: 4k \/ 60fps<br \/>- Obiektyw o jasno\u015bci f\/1.7<br \/>- Obr\u00f3bka zdj\u0119\u0107 w cenie<\/p><\/div>\r\n            <a class=\"pricing-button\" href=\"\"  target=\"_blank\" rel=\"nofollow\"><\/a>\r\n        <\/div>\r\n        \r\n\t\t\t\t<\/div>\n\t\t\t\t<\/div>\n\t\t\t\t<div class=\"elementor-element elementor-element-fc30f27 elementor-widget elementor-widget-malistena-pricing\" data-id=\"fc30f27\" data-element_type=\"widget\" data-widget_type=\"malistena-pricing.default\">\n\t\t\t\t<div class=\"elementor-widget-container\">\n\t\t\t\t\t        <div class=\"malistena-pricing\">\r\n            <div class=\"pricing-icon\">\r\n                <i class=\"azr  azr-icon41\"><\/i>            <\/div>\r\n            <h4 class=\"pricing-title\">Pakiet 80 zdj\u0119\u0107 lub 2h filmu<\/h4>\r\n            <div class=\"price\">1500 z\u0142<\/div>\r\n            <div class=\"pricing-feadture\"><p>\u00a0<\/p><p><strong>- Czas lotu - 5 x 30min<br \/><\/strong>- DJI mini 3 Pro<br \/>- Rozdzielczo\u015b\u0107 zdj\u0119\u0107: 48 MP<strong><br \/><\/strong>- Rozdzielczo\u015b\u0107 filmu: 4k \/ 60fps<br \/>- Obiektyw o jasno\u015bci f\/1.7<br \/>- Obr\u00f3bka zdj\u0119\u0107 w cenie<\/p><\/div>\r\n            <a class=\"pricing-button\" href=\"\"  target=\"_blank\" rel=\"nofollow\"><\/a>\r\n        <\/div>\r\n        \r\n\t\t\t\t<\/div>\n\t\t\t\t<\/div>\n\t\t\t\t\t<\/div>\n\t\t\t\t<\/div>\n\t\t<div class=\"elementor-element elementor-element-1119b9b e-flex e-con-boxed e-con e-parent\" data-id=\"1119b9b\" data-element_type=\"container\">\n\t\t\t\t\t<div class=\"e-con-inner\">\n\t\t\t\t<div class=\"elementor-element elementor-element-edafcea elementor-widget elementor-widget-image-gallery\" data-id=\"edafcea\" data-element_type=\"widget\" data-widget_type=\"image-gallery.default\">\n\t\t\t\t<div class=\"elementor-widget-container\">\n\t\t\t\t\t\t\t<div class=\"elementor-image-gallery\">\n\t\t\t\n\t\t<style type=\"text\/css\">\n\t\t\t#gallery-1 {\n\t\t\t\tmargin: auto;\n\t\t\t}\n\t\t\t#gallery-1 .gallery-item {\n\t\t\t\tfloat: left;\n\t\t\t\tmargin-top: 10px;\n\t\t\t\ttext-align: center;\n\t\t\t\twidth: 25%;\n\t\t\t}\n\t\t\t#gallery-1 img {\n\t\t\t\tborder: 2px solid #cfcfcf;\n\t\t\t}\n\t\t\t#gallery-1 .gallery-caption {\n\t\t\t\tmargin-left: 0;\n\t\t\t}\n\t\t\t\/* see gallery_shortcode() in wp-includes\/media.php *\/\n\t\t<\/style>\n\t\t<div id='gallery-1' class='gallery galleryid-1277 gallery-columns-4 gallery-size-medium'><dl class='gallery-item'>\n\t\t\t<dt class='gallery-icon landscape'>\n\t\t\t\t<a data-elementor-open-lightbox=\"yes\" data-elementor-lightbox-slideshow=\"edafcea\" data-elementor-lightbox-title=\"DSC00448\" data-e-action-hash=\"#elementor-action%3Aaction%3Dlightbox%26settings%3DeyJpZCI6MTUyOSwidXJsIjoiaHR0cHM6XC9cL21hcml1c3ptb3N6Y3p5bnNraS5wbFwvd3AtY29udGVudFwvdXBsb2Fkc1wvMjAyNVwvMDFcL0RTQzAwNDQ4LmpwZyIsInNsaWRlc2hvdyI6ImVkYWZjZWEifQ%3D%3D\" href='https:\/\/mariuszmoszczynski.pl\/wp-content\/uploads\/2025\/01\/DSC00448.jpg'><img fetchpriority=\"high\" decoding=\"async\" width=\"300\" height=\"200\" src=\"https:\/\/mariuszmoszczynski.pl\/wp-content\/uploads\/2025\/01\/DSC00448-300x200.jpg\" class=\"attachment-medium size-medium\" alt=\"\" srcset=\"https:\/\/mariuszmoszczynski.pl\/wp-content\/uploads\/2025\/01\/DSC00448-300x200.jpg 300w, https:\/\/mariuszmoszczynski.pl\/wp-content\/uploads\/2025\/01\/DSC00448-1024x683.jpg 1024w, https:\/\/mariuszmoszczynski.pl\/wp-content\/uploads\/2025\/01\/DSC00448-768x512.jpg 768w, https:\/\/mariuszmoszczynski.pl\/wp-content\/uploads\/2025\/01\/DSC00448-1536x1024.jpg 1536w, https:\/\/mariuszmoszczynski.pl\/wp-content\/uploads\/2025\/01\/DSC00448-2048x1366.jpg 2048w, https:\/\/mariuszmoszczynski.pl\/wp-content\/uploads\/2025\/01\/DSC00448-500x333.jpg 500w, https:\/\/mariuszmoszczynski.pl\/wp-content\/uploads\/2025\/01\/DSC00448-800x533.jpg 800w, https:\/\/mariuszmoszczynski.pl\/wp-content\/uploads\/2025\/01\/DSC00448-1280x854.jpg 1280w, https:\/\/mariuszmoszczynski.pl\/wp-content\/uploads\/2025\/01\/DSC00448-1920x1280.jpg 1920w\" sizes=\"(max-width: 300px) 100vw, 300px\" \/><\/a>\n\t\t\t<\/dt><\/dl><dl class='gallery-item'>\n\t\t\t<dt class='gallery-icon landscape'>\n\t\t\t\t<a data-elementor-open-lightbox=\"yes\" data-elementor-lightbox-slideshow=\"edafcea\" data-elementor-lightbox-title=\"DSC00441\" data-e-action-hash=\"#elementor-action%3Aaction%3Dlightbox%26settings%3DeyJpZCI6MTUyNCwidXJsIjoiaHR0cHM6XC9cL21hcml1c3ptb3N6Y3p5bnNraS5wbFwvd3AtY29udGVudFwvdXBsb2Fkc1wvMjAyNVwvMDFcL0RTQzAwNDQxLmpwZyIsInNsaWRlc2hvdyI6ImVkYWZjZWEifQ%3D%3D\" href='https:\/\/mariuszmoszczynski.pl\/wp-content\/uploads\/2025\/01\/DSC00441.jpg'><img decoding=\"async\" width=\"300\" height=\"200\" src=\"https:\/\/mariuszmoszczynski.pl\/wp-content\/uploads\/2025\/01\/DSC00441-300x200.jpg\" class=\"attachment-medium size-medium\" alt=\"\" srcset=\"https:\/\/mariuszmoszczynski.pl\/wp-content\/uploads\/2025\/01\/DSC00441-300x200.jpg 300w, https:\/\/mariuszmoszczynski.pl\/wp-content\/uploads\/2025\/01\/DSC00441-1024x683.jpg 1024w, https:\/\/mariuszmoszczynski.pl\/wp-content\/uploads\/2025\/01\/DSC00441-768x512.jpg 768w, https:\/\/mariuszmoszczynski.pl\/wp-content\/uploads\/2025\/01\/DSC00441-1536x1024.jpg 1536w, https:\/\/mariuszmoszczynski.pl\/wp-content\/uploads\/2025\/01\/DSC00441-2048x1366.jpg 2048w, https:\/\/mariuszmoszczynski.pl\/wp-content\/uploads\/2025\/01\/DSC00441-500x333.jpg 500w, https:\/\/mariuszmoszczynski.pl\/wp-content\/uploads\/2025\/01\/DSC00441-800x533.jpg 800w, https:\/\/mariuszmoszczynski.pl\/wp-content\/uploads\/2025\/01\/DSC00441-1280x854.jpg 1280w, https:\/\/mariuszmoszczynski.pl\/wp-content\/uploads\/2025\/01\/DSC00441-1920x1280.jpg 1920w\" sizes=\"(max-width: 300px) 100vw, 300px\" \/><\/a>\n\t\t\t<\/dt><\/dl><dl class='gallery-item'>\n\t\t\t<dt class='gallery-icon landscape'>\n\t\t\t\t<a data-elementor-open-lightbox=\"yes\" data-elementor-lightbox-slideshow=\"edafcea\" data-elementor-lightbox-title=\"DSC00443\" data-e-action-hash=\"#elementor-action%3Aaction%3Dlightbox%26settings%3DeyJpZCI6MTUyNiwidXJsIjoiaHR0cHM6XC9cL21hcml1c3ptb3N6Y3p5bnNraS5wbFwvd3AtY29udGVudFwvdXBsb2Fkc1wvMjAyNVwvMDFcL0RTQzAwNDQzLmpwZyIsInNsaWRlc2hvdyI6ImVkYWZjZWEifQ%3D%3D\" href='https:\/\/mariuszmoszczynski.pl\/wp-content\/uploads\/2025\/01\/DSC00443.jpg'><img decoding=\"async\" width=\"300\" height=\"200\" src=\"https:\/\/mariuszmoszczynski.pl\/wp-content\/uploads\/2025\/01\/DSC00443-300x200.jpg\" class=\"attachment-medium size-medium\" alt=\"\" srcset=\"https:\/\/mariuszmoszczynski.pl\/wp-content\/uploads\/2025\/01\/DSC00443-300x200.jpg 300w, https:\/\/mariuszmoszczynski.pl\/wp-content\/uploads\/2025\/01\/DSC00443-1024x683.jpg 1024w, https:\/\/mariuszmoszczynski.pl\/wp-content\/uploads\/2025\/01\/DSC00443-768x512.jpg 768w, https:\/\/mariuszmoszczynski.pl\/wp-content\/uploads\/2025\/01\/DSC00443-1536x1024.jpg 1536w, https:\/\/mariuszmoszczynski.pl\/wp-content\/uploads\/2025\/01\/DSC00443-2048x1366.jpg 2048w, https:\/\/mariuszmoszczynski.pl\/wp-content\/uploads\/2025\/01\/DSC00443-500x333.jpg 500w, https:\/\/mariuszmoszczynski.pl\/wp-content\/uploads\/2025\/01\/DSC00443-800x533.jpg 800w, https:\/\/mariuszmoszczynski.pl\/wp-content\/uploads\/2025\/01\/DSC00443-1280x854.jpg 1280w, https:\/\/mariuszmoszczynski.pl\/wp-content\/uploads\/2025\/01\/DSC00443-1920x1280.jpg 1920w\" sizes=\"(max-width: 300px) 100vw, 300px\" \/><\/a>\n\t\t\t<\/dt><\/dl><dl class='gallery-item'>\n\t\t\t<dt class='gallery-icon landscape'>\n\t\t\t\t<a data-elementor-open-lightbox=\"yes\" data-elementor-lightbox-slideshow=\"edafcea\" data-elementor-lightbox-title=\"DSC00439\" data-e-action-hash=\"#elementor-action%3Aaction%3Dlightbox%26settings%3DeyJpZCI6MTUyMiwidXJsIjoiaHR0cHM6XC9cL21hcml1c3ptb3N6Y3p5bnNraS5wbFwvd3AtY29udGVudFwvdXBsb2Fkc1wvMjAyNVwvMDFcL0RTQzAwNDM5LmpwZyIsInNsaWRlc2hvdyI6ImVkYWZjZWEifQ%3D%3D\" href='https:\/\/mariuszmoszczynski.pl\/wp-content\/uploads\/2025\/01\/DSC00439.jpg'><img loading=\"lazy\" decoding=\"async\" width=\"300\" height=\"200\" src=\"https:\/\/mariuszmoszczynski.pl\/wp-content\/uploads\/2025\/01\/DSC00439-300x200.jpg\" class=\"attachment-medium size-medium\" alt=\"\" srcset=\"https:\/\/mariuszmoszczynski.pl\/wp-content\/uploads\/2025\/01\/DSC00439-300x200.jpg 300w, https:\/\/mariuszmoszczynski.pl\/wp-content\/uploads\/2025\/01\/DSC00439-1024x683.jpg 1024w, https:\/\/mariuszmoszczynski.pl\/wp-content\/uploads\/2025\/01\/DSC00439-768x512.jpg 768w, https:\/\/mariuszmoszczynski.pl\/wp-content\/uploads\/2025\/01\/DSC00439-1536x1024.jpg 1536w, https:\/\/mariuszmoszczynski.pl\/wp-content\/uploads\/2025\/01\/DSC00439-2048x1366.jpg 2048w, https:\/\/mariuszmoszczynski.pl\/wp-content\/uploads\/2025\/01\/DSC00439-500x333.jpg 500w, https:\/\/mariuszmoszczynski.pl\/wp-content\/uploads\/2025\/01\/DSC00439-800x533.jpg 800w, https:\/\/mariuszmoszczynski.pl\/wp-content\/uploads\/2025\/01\/DSC00439-1280x854.jpg 1280w, https:\/\/mariuszmoszczynski.pl\/wp-content\/uploads\/2025\/01\/DSC00439-1920x1280.jpg 1920w\" sizes=\"(max-width: 300px) 100vw, 300px\" \/><\/a>\n\t\t\t<\/dt><\/dl><br style=\"clear: both\" \/>\n\t\t<\/div>\n\t\t<\/div>\n\t\t\t\t\t\t<\/div>\n\t\t\t\t<\/div>\n\t\t\t\t<div class=\"elementor-element elementor-element-cf702b2 elementor-widget elementor-widget-spacer\" data-id=\"cf702b2\" data-element_type=\"widget\" data-widget_type=\"spacer.default\">\n\t\t\t\t<div class=\"elementor-widget-container\">\n\t\t\t\t\t\t\t<div class=\"elementor-spacer\">\n\t\t\t<div class=\"elementor-spacer-inner\"><\/div>\n\t\t<\/div>\n\t\t\t\t\t\t<\/div>\n\t\t\t\t<\/div>\n\t\t\t\t\t<\/div>\n\t\t\t\t<\/div>\n\t\t\t\t<\/div>\n\t\t","protected":false},"excerpt":{"rendered":"<p>Us\u0142ugi dronem zdj\u0119cia z lotu ptaka Latanie dronem W mojej ofercie znajduje si\u0119 r\u00f3wnie\u017c profesonalny dron z matryc\u0105 48MP, dzi\u0119ki kt\u00f3remu sesje zdj\u0119ciowe i reporta\u017ce ale r\u00f3wnie\u017c wszelkie zlecenia przenios\u0105 si\u0119 na zupe\u0142nie nowy poziom. Uj\u0119cia powsta\u0142e dzi\u0119ki u\u017cyciu drona tj. uj\u0119cia z lotu ptaka pozwol\u0105 stworzy\u0107 wyj\u0105tkowe i unikatowe kadry. W ofercie mam r\u00f3wnie\u017c [&hellip;]<\/p>\n","protected":false},"author":2,"featured_media":0,"parent":0,"menu_order":0,"comment_status":"closed","ping_status":"closed","template":"elementor_header_footer","meta":{"_monsterinsights_skip_tracking":false,"_monsterinsights_sitenote_active":false,"_monsterinsights_sitenote_note":"","_monsterinsights_sitenote_category":0,"ngg_post_thumbnail":0,"_vp_format_video_url":"","_vp_image_focal_point":[],"footnotes":""},"class_list":["post-1277","page","type-page","status-publish","hentry"],"aioseo_notices":[],"_links":{"self":[{"href":"https:\/\/mariuszmoszczynski.pl\/index.php?rest_route=\/wp\/v2\/pages\/1277","targetHints":{"allow":["GET"]}}],"collection":[{"href":"https:\/\/mariuszmoszczynski.pl\/index.php?rest_route=\/wp\/v2\/pages"}],"about":[{"href":"https:\/\/mariuszmoszczynski.pl\/index.php?rest_route=\/wp\/v2\/types\/page"}],"author":[{"embeddable":true,"href":"https:\/\/mariuszmoszczynski.pl\/index.php?rest_route=\/wp\/v2\/users\/2"}],"replies":[{"embeddable":true,"href":"https:\/\/mariuszmoszczynski.pl\/index.php?rest_route=%2Fwp%2Fv2%2Fcomments&post=1277"}],"version-history":[{"count":38,"href":"https:\/\/mariuszmoszczynski.pl\/index.php?rest_route=\/wp\/v2\/pages\/1277\/revisions"}],"predecessor-version":[{"id":1579,"href":"https:\/\/mariuszmoszczynski.pl\/index.php?rest_route=\/wp\/v2\/pages\/1277\/revisions\/1579"}],"wp:attachment":[{"href":"https:\/\/mariuszmoszczynski.pl\/index.php?rest_route=%2Fwp%2Fv2%2Fmedia&parent=1277"}],"curies":[{"name":"wp","href":"https:\/\/api.w.org\/{rel}","templated":true}]}}