{"id":1274,"date":"2025-01-05T15:49:42","date_gmt":"2025-01-05T14:49:42","guid":{"rendered":"https:\/\/mariuszmoszczynski.pl\/?page_id=1274"},"modified":"2025-02-06T17:02:42","modified_gmt":"2025-02-06T16:02:42","slug":"dym","status":"publish","type":"page","link":"https:\/\/mariuszmoszczynski.pl\/?page_id=1274","title":{"rendered":"Ci\u0119\u017cki dym | Taniec w chmurach"},"content":{"rendered":"\t\t<div data-elementor-type=\"wp-page\" data-elementor-id=\"1274\" class=\"elementor elementor-1274\">\n\t\t\t\t\t\t<section class=\"elementor-section elementor-top-section elementor-element elementor-element-46d52fb elementor-section-boxed elementor-section-height-default elementor-section-height-default\" data-id=\"46d52fb\" data-element_type=\"section\" data-settings=\"{&quot;background_background&quot;:&quot;classic&quot;}\">\n\t\t\t\t\t\t\t<div class=\"elementor-background-overlay\"><\/div>\n\t\t\t\t\t\t\t<div class=\"elementor-container elementor-column-gap-default\">\n\t\t\t\t\t<div class=\"elementor-column elementor-col-100 elementor-top-column elementor-element elementor-element-5010c91\" data-id=\"5010c91\" data-element_type=\"column\">\n\t\t\t<div class=\"elementor-widget-wrap elementor-element-populated\">\n\t\t\t\t\t\t<div class=\"elementor-element elementor-element-422f62c elementor-widget elementor-widget-heading\" data-id=\"422f62c\" data-element_type=\"widget\" data-widget_type=\"heading.default\">\n\t\t\t\t<div class=\"elementor-widget-container\">\n\t\t\t\t\t<h2 class=\"elementor-heading-title elementor-size-default\">Ci\u0119\u017cki dym<\/h2>\t\t\t\t<\/div>\n\t\t\t\t<\/div>\n\t\t\t\t<div class=\"elementor-element elementor-element-4ed77a3 elementor-widget-divider--view-line elementor-widget elementor-widget-divider\" data-id=\"4ed77a3\" data-element_type=\"widget\" data-widget_type=\"divider.default\">\n\t\t\t\t<div class=\"elementor-widget-container\">\n\t\t\t\t\t\t\t<div class=\"elementor-divider\">\n\t\t\t<span class=\"elementor-divider-separator\">\n\t\t\t\t\t\t<\/span>\n\t\t<\/div>\n\t\t\t\t\t\t<\/div>\n\t\t\t\t<\/div>\n\t\t\t\t<div class=\"elementor-element elementor-element-6763157 elementor-widget elementor-widget-heading\" data-id=\"6763157\" data-element_type=\"widget\" data-widget_type=\"heading.default\">\n\t\t\t\t<div class=\"elementor-widget-container\">\n\t\t\t\t\t<h5 class=\"elementor-heading-title elementor-size-default\">Taniec w chmurach<\/h5>\t\t\t\t<\/div>\n\t\t\t\t<\/div>\n\t\t\t\t\t<\/div>\n\t\t<\/div>\n\t\t\t\t\t<\/div>\n\t\t<\/section>\n\t\t\t\t<section class=\"elementor-section elementor-top-section elementor-element elementor-element-5a6b385 elementor-section-content-middle elementor-section-boxed elementor-section-height-default elementor-section-height-default\" data-id=\"5a6b385\" data-element_type=\"section\">\n\t\t\t\t\t\t<div class=\"elementor-container elementor-column-gap-wide\">\n\t\t\t\t\t<div class=\"elementor-column elementor-col-50 elementor-top-column elementor-element elementor-element-50f5ae9\" data-id=\"50f5ae9\" data-element_type=\"column\">\n\t\t\t<div class=\"elementor-widget-wrap elementor-element-populated\">\n\t\t\t\t\t\t<div class=\"elementor-element elementor-element-e6f3915 elementor-widget elementor-widget-image\" data-id=\"e6f3915\" data-element_type=\"widget\" data-widget_type=\"image.default\">\n\t\t\t\t<div class=\"elementor-widget-container\">\n\t\t\t\t\t\t\t\t\t\t\t\t\t\t\t<img decoding=\"async\" src=\"https:\/\/mariuszmoszczynski.pl\/wp-content\/uploads\/elementor\/thumbs\/DSC00415-scaled-qzpf1th78qhmus1tjlnycn8tkrl45ir8d1hwugnosg.jpg\" title=\"DSC00415\" alt=\"DSC00415\" loading=\"lazy\" \/>\t\t\t\t\t\t\t\t\t\t\t\t\t\t\t<\/div>\n\t\t\t\t<\/div>\n\t\t\t\t\t<\/div>\n\t\t<\/div>\n\t\t\t\t<div class=\"elementor-column elementor-col-50 elementor-top-column elementor-element elementor-element-c489930\" data-id=\"c489930\" data-element_type=\"column\">\n\t\t\t<div class=\"elementor-widget-wrap elementor-element-populated\">\n\t\t\t\t\t\t<div class=\"elementor-element elementor-element-5942240 elementor-widget__width-initial elementor-widget elementor-widget-heading\" data-id=\"5942240\" data-element_type=\"widget\" data-widget_type=\"heading.default\">\n\t\t\t\t<div class=\"elementor-widget-container\">\n\t\t\t\t\t<div class=\"elementor-heading-title elementor-size-default\">Taniec w chmurach<\/div>\t\t\t\t<\/div>\n\t\t\t\t<\/div>\n\t\t\t\t<div class=\"elementor-element elementor-element-49ff3d3 elementor-widget__width-initial elementor-widget elementor-widget-text-editor\" data-id=\"49ff3d3\" data-element_type=\"widget\" data-widget_type=\"text-editor.default\">\n\t\t\t\t<div class=\"elementor-widget-container\">\n\t\t\t\t\t\t\t\t\t<p style=\"text-align: center;\" align=\"justify\">\u00a0<\/p><p style=\"text-align: left;\" align=\"justify\">Chcesz doda\u0107 swojej uroczysto\u015bci <b>wyj\u0105tkowego, bajkowego klimatu<\/b>?<\/p><p style=\"text-align: left;\" align=\"justify\"><b>Ci\u0119\u017cki dym<\/b> to idealny spos\u00f3b aby stworzy\u0107 niezapomnian\u0105 atmosfer\u0119 i sprawi\u0107 by ka\u017cdy moment sta\u0142 si\u0119 magiczny\u2026<\/p><p style=\"text-align: left;\" align=\"justify\">Ci\u0119\u017cki dym jest efektem wizualnym, stworzonym przez <b>profesjonaln\u0105 wytwornic\u0119<\/b> ci\u0119\u017ckiego dymu na <b>suchy l\u00f3d VIPER V PRO. <\/b>Model ten wyr\u00f3\u017cnia si\u0119 mo\u017cliwo\u015bci\u0105 ca\u0142kowicie bezprzewodowej obs\u0142ugi przy pomocy wbudowanego akumulatora oraz pilota.<\/p><p style=\"text-align: left;\" align=\"justify\">Dym delikatnie unosi si\u0119 tu\u017c nad pod\u0142og\u0105, tworz\u0105c iluzj\u0119 chmur.<br \/>Ci\u0119\u017cki dym to <b>idealny dodatek do pierwszego ta\u0144ca<\/b> oraz innych specjalnych moment\u00f3w, kt\u00f3re chcesz podkre\u015bli\u0107.<\/p><p><b>Dodaj magii<\/b> swoim chwilom !<\/p><h5 style=\"text-align: left;\"><u>Cena us\u0142ugi: 700 z\u0142<\/u><\/h5><pre style=\"text-align: left;\">W cen\u0119 us\u0142ugi wliczony jest dojazd do 30km.\nDo pierwszego ta\u0144ca zu\u017cywam 15kg suchego lodu.<br \/>Istnieje mo\u017cliwo\u015b\u0107 u\u017cycie dymu r\u00f3wnie\u017c w momencie krojenia tortu.<\/pre><h5 style=\"text-align: left;\"><u>\u00a0<\/u><\/h5><p style=\"text-align: left;\">\u00a0<\/p>\t\t\t\t\t\t\t\t<\/div>\n\t\t\t\t<\/div>\n\t\t\t\t\t<\/div>\n\t\t<\/div>\n\t\t\t\t\t<\/div>\n\t\t<\/section>\n\t\t<div class=\"elementor-element elementor-element-50f76aa e-flex e-con-boxed e-con e-parent\" data-id=\"50f76aa\" data-element_type=\"container\">\n\t\t\t\t\t<div class=\"e-con-inner\">\n\t\t\t\t<div class=\"elementor-element elementor-element-4d04d11 elementor-widget elementor-widget-text-editor\" data-id=\"4d04d11\" data-element_type=\"widget\" data-widget_type=\"text-editor.default\">\n\t\t\t\t<div class=\"elementor-widget-container\">\n\t\t\t\t\t\t\t\t\t<div class=\"elementor-element elementor-element-ae0969c e-flex e-con-boxed e-con e-parent e-lazyloaded\" data-id=\"ae0969c\" data-element_type=\"container\"><div class=\"e-con-inner\"><div class=\"elementor-element elementor-element-1de4b1f elementor-widget elementor-widget-text-editor\" data-id=\"1de4b1f\" data-element_type=\"widget\" data-widget_type=\"text-editor.default\"><div class=\"elementor-widget-container\"><h4 style=\"text-align: center;\">10 % zni\u017cki je\u015bli bed\u0119 r\u00f3wnie\u017c fotografem na Waszym przyj\u0119ciu!<\/h4><\/div><\/div><\/div><\/div>\t\t\t\t\t\t\t\t<\/div>\n\t\t\t\t<\/div>\n\t\t\t\t<div class=\"elementor-element elementor-element-084c37d elementor-widget elementor-widget-image-gallery\" data-id=\"084c37d\" data-element_type=\"widget\" data-widget_type=\"image-gallery.default\">\n\t\t\t\t<div class=\"elementor-widget-container\">\n\t\t\t\t\t\t\t<div class=\"elementor-image-gallery\">\n\t\t\t\n\t\t<style type=\"text\/css\">\n\t\t\t#gallery-1 {\n\t\t\t\tmargin: auto;\n\t\t\t}\n\t\t\t#gallery-1 .gallery-item {\n\t\t\t\tfloat: left;\n\t\t\t\tmargin-top: 10px;\n\t\t\t\ttext-align: center;\n\t\t\t\twidth: 25%;\n\t\t\t}\n\t\t\t#gallery-1 img {\n\t\t\t\tborder: 2px solid #cfcfcf;\n\t\t\t}\n\t\t\t#gallery-1 .gallery-caption {\n\t\t\t\tmargin-left: 0;\n\t\t\t}\n\t\t\t\/* see gallery_shortcode() in wp-includes\/media.php *\/\n\t\t<\/style>\n\t\t<div id='gallery-1' class='gallery galleryid-1274 gallery-columns-4 gallery-size-medium'><dl class='gallery-item'>\n\t\t\t<dt class='gallery-icon portrait'>\n\t\t\t\t<a data-elementor-open-lightbox=\"yes\" data-elementor-lightbox-slideshow=\"084c37d\" data-elementor-lightbox-title=\"DSC00415\" data-e-action-hash=\"#elementor-action%3Aaction%3Dlightbox%26settings%3DeyJpZCI6MTQ5MSwidXJsIjoiaHR0cHM6XC9cL21hcml1c3ptb3N6Y3p5bnNraS5wbFwvd3AtY29udGVudFwvdXBsb2Fkc1wvMjAyNVwvMDFcL0RTQzAwNDE1LTEtc2NhbGVkLmpwZyIsInNsaWRlc2hvdyI6IjA4NGMzN2QifQ%3D%3D\" href='https:\/\/mariuszmoszczynski.pl\/wp-content\/uploads\/2025\/01\/DSC00415-1-scaled.jpg'><img fetchpriority=\"high\" decoding=\"async\" width=\"200\" height=\"300\" src=\"https:\/\/mariuszmoszczynski.pl\/wp-content\/uploads\/2025\/01\/DSC00415-1-200x300.jpg\" class=\"attachment-medium size-medium\" alt=\"\" srcset=\"https:\/\/mariuszmoszczynski.pl\/wp-content\/uploads\/2025\/01\/DSC00415-1-200x300.jpg 200w, https:\/\/mariuszmoszczynski.pl\/wp-content\/uploads\/2025\/01\/DSC00415-1-683x1024.jpg 683w, https:\/\/mariuszmoszczynski.pl\/wp-content\/uploads\/2025\/01\/DSC00415-1-768x1152.jpg 768w, https:\/\/mariuszmoszczynski.pl\/wp-content\/uploads\/2025\/01\/DSC00415-1-1024x1536.jpg 1024w, https:\/\/mariuszmoszczynski.pl\/wp-content\/uploads\/2025\/01\/DSC00415-1-1365x2048.jpg 1365w, https:\/\/mariuszmoszczynski.pl\/wp-content\/uploads\/2025\/01\/DSC00415-1-500x750.jpg 500w, https:\/\/mariuszmoszczynski.pl\/wp-content\/uploads\/2025\/01\/DSC00415-1-800x1200.jpg 800w, https:\/\/mariuszmoszczynski.pl\/wp-content\/uploads\/2025\/01\/DSC00415-1-1280x1920.jpg 1280w, https:\/\/mariuszmoszczynski.pl\/wp-content\/uploads\/2025\/01\/DSC00415-1-1920x2880.jpg 1920w, https:\/\/mariuszmoszczynski.pl\/wp-content\/uploads\/2025\/01\/DSC00415-1-scaled.jpg 1707w\" sizes=\"(max-width: 200px) 100vw, 200px\" \/><\/a>\n\t\t\t<\/dt><\/dl><dl class='gallery-item'>\n\t\t\t<dt class='gallery-icon portrait'>\n\t\t\t\t<a data-elementor-open-lightbox=\"yes\" data-elementor-lightbox-slideshow=\"084c37d\" data-elementor-lightbox-title=\"DSC00409\" data-e-action-hash=\"#elementor-action%3Aaction%3Dlightbox%26settings%3DeyJpZCI6MTQ5NiwidXJsIjoiaHR0cHM6XC9cL21hcml1c3ptb3N6Y3p5bnNraS5wbFwvd3AtY29udGVudFwvdXBsb2Fkc1wvMjAyNVwvMDFcL0RTQzAwNDA5LTEuanBnIiwic2xpZGVzaG93IjoiMDg0YzM3ZCJ9\" href='https:\/\/mariuszmoszczynski.pl\/wp-content\/uploads\/2025\/01\/DSC00409-1.jpg'><img decoding=\"async\" width=\"200\" height=\"300\" src=\"https:\/\/mariuszmoszczynski.pl\/wp-content\/uploads\/2025\/01\/DSC00409-1-200x300.jpg\" class=\"attachment-medium size-medium\" alt=\"\" srcset=\"https:\/\/mariuszmoszczynski.pl\/wp-content\/uploads\/2025\/01\/DSC00409-1-200x300.jpg 200w, https:\/\/mariuszmoszczynski.pl\/wp-content\/uploads\/2025\/01\/DSC00409-1-683x1024.jpg 683w, https:\/\/mariuszmoszczynski.pl\/wp-content\/uploads\/2025\/01\/DSC00409-1-768x1152.jpg 768w, https:\/\/mariuszmoszczynski.pl\/wp-content\/uploads\/2025\/01\/DSC00409-1-1024x1536.jpg 1024w, https:\/\/mariuszmoszczynski.pl\/wp-content\/uploads\/2025\/01\/DSC00409-1-1366x2048.jpg 1366w, https:\/\/mariuszmoszczynski.pl\/wp-content\/uploads\/2025\/01\/DSC00409-1-500x750.jpg 500w, https:\/\/mariuszmoszczynski.pl\/wp-content\/uploads\/2025\/01\/DSC00409-1-800x1200.jpg 800w, https:\/\/mariuszmoszczynski.pl\/wp-content\/uploads\/2025\/01\/DSC00409-1-1280x1920.jpg 1280w, https:\/\/mariuszmoszczynski.pl\/wp-content\/uploads\/2025\/01\/DSC00409-1.jpg 1707w\" sizes=\"(max-width: 200px) 100vw, 200px\" \/><\/a>\n\t\t\t<\/dt><\/dl><dl class='gallery-item'>\n\t\t\t<dt class='gallery-icon portrait'>\n\t\t\t\t<a data-elementor-open-lightbox=\"yes\" data-elementor-lightbox-slideshow=\"084c37d\" data-elementor-lightbox-title=\"DSC00417\" data-e-action-hash=\"#elementor-action%3Aaction%3Dlightbox%26settings%3DeyJpZCI6MTUwMCwidXJsIjoiaHR0cHM6XC9cL21hcml1c3ptb3N6Y3p5bnNraS5wbFwvd3AtY29udGVudFwvdXBsb2Fkc1wvMjAyNVwvMDFcL0RTQzAwNDE3LTEuanBnIiwic2xpZGVzaG93IjoiMDg0YzM3ZCJ9\" href='https:\/\/mariuszmoszczynski.pl\/wp-content\/uploads\/2025\/01\/DSC00417-1.jpg'><img decoding=\"async\" width=\"200\" height=\"300\" src=\"https:\/\/mariuszmoszczynski.pl\/wp-content\/uploads\/2025\/01\/DSC00417-1-200x300.jpg\" class=\"attachment-medium size-medium\" alt=\"\" srcset=\"https:\/\/mariuszmoszczynski.pl\/wp-content\/uploads\/2025\/01\/DSC00417-1-200x300.jpg 200w, https:\/\/mariuszmoszczynski.pl\/wp-content\/uploads\/2025\/01\/DSC00417-1-683x1024.jpg 683w, https:\/\/mariuszmoszczynski.pl\/wp-content\/uploads\/2025\/01\/DSC00417-1-768x1152.jpg 768w, https:\/\/mariuszmoszczynski.pl\/wp-content\/uploads\/2025\/01\/DSC00417-1-1024x1536.jpg 1024w, https:\/\/mariuszmoszczynski.pl\/wp-content\/uploads\/2025\/01\/DSC00417-1-1366x2048.jpg 1366w, https:\/\/mariuszmoszczynski.pl\/wp-content\/uploads\/2025\/01\/DSC00417-1-500x750.jpg 500w, https:\/\/mariuszmoszczynski.pl\/wp-content\/uploads\/2025\/01\/DSC00417-1-800x1200.jpg 800w, https:\/\/mariuszmoszczynski.pl\/wp-content\/uploads\/2025\/01\/DSC00417-1-1280x1920.jpg 1280w, https:\/\/mariuszmoszczynski.pl\/wp-content\/uploads\/2025\/01\/DSC00417-1.jpg 1707w\" sizes=\"(max-width: 200px) 100vw, 200px\" \/><\/a>\n\t\t\t<\/dt><\/dl><dl class='gallery-item'>\n\t\t\t<dt class='gallery-icon portrait'>\n\t\t\t\t<a data-elementor-open-lightbox=\"yes\" data-elementor-lightbox-slideshow=\"084c37d\" data-elementor-lightbox-title=\"DSC00418\" data-e-action-hash=\"#elementor-action%3Aaction%3Dlightbox%26settings%3DeyJpZCI6MTUwMSwidXJsIjoiaHR0cHM6XC9cL21hcml1c3ptb3N6Y3p5bnNraS5wbFwvd3AtY29udGVudFwvdXBsb2Fkc1wvMjAyNVwvMDFcL0RTQzAwNDE4LTEuanBnIiwic2xpZGVzaG93IjoiMDg0YzM3ZCJ9\" href='https:\/\/mariuszmoszczynski.pl\/wp-content\/uploads\/2025\/01\/DSC00418-1.jpg'><img loading=\"lazy\" decoding=\"async\" width=\"200\" height=\"300\" src=\"https:\/\/mariuszmoszczynski.pl\/wp-content\/uploads\/2025\/01\/DSC00418-1-200x300.jpg\" class=\"attachment-medium size-medium\" alt=\"\" srcset=\"https:\/\/mariuszmoszczynski.pl\/wp-content\/uploads\/2025\/01\/DSC00418-1-200x300.jpg 200w, https:\/\/mariuszmoszczynski.pl\/wp-content\/uploads\/2025\/01\/DSC00418-1-683x1024.jpg 683w, https:\/\/mariuszmoszczynski.pl\/wp-content\/uploads\/2025\/01\/DSC00418-1-768x1152.jpg 768w, https:\/\/mariuszmoszczynski.pl\/wp-content\/uploads\/2025\/01\/DSC00418-1-1024x1536.jpg 1024w, https:\/\/mariuszmoszczynski.pl\/wp-content\/uploads\/2025\/01\/DSC00418-1-1366x2048.jpg 1366w, https:\/\/mariuszmoszczynski.pl\/wp-content\/uploads\/2025\/01\/DSC00418-1-500x750.jpg 500w, https:\/\/mariuszmoszczynski.pl\/wp-content\/uploads\/2025\/01\/DSC00418-1-800x1200.jpg 800w, https:\/\/mariuszmoszczynski.pl\/wp-content\/uploads\/2025\/01\/DSC00418-1-1280x1920.jpg 1280w, https:\/\/mariuszmoszczynski.pl\/wp-content\/uploads\/2025\/01\/DSC00418-1.jpg 1707w\" sizes=\"(max-width: 200px) 100vw, 200px\" \/><\/a>\n\t\t\t<\/dt><\/dl><br style=\"clear: both\" \/><dl class='gallery-item'>\n\t\t\t<dt class='gallery-icon portrait'>\n\t\t\t\t<a data-elementor-open-lightbox=\"yes\" data-elementor-lightbox-slideshow=\"084c37d\" data-elementor-lightbox-title=\"DSC00414\" data-e-action-hash=\"#elementor-action%3Aaction%3Dlightbox%26settings%3DeyJpZCI6MTQ5MCwidXJsIjoiaHR0cHM6XC9cL21hcml1c3ptb3N6Y3p5bnNraS5wbFwvd3AtY29udGVudFwvdXBsb2Fkc1wvMjAyNVwvMDFcL0RTQzAwNDE0LXNjYWxlZC5qcGciLCJzbGlkZXNob3ciOiIwODRjMzdkIn0%3D\" href='https:\/\/mariuszmoszczynski.pl\/wp-content\/uploads\/2025\/01\/DSC00414-scaled.jpg'><img loading=\"lazy\" decoding=\"async\" width=\"200\" height=\"300\" src=\"https:\/\/mariuszmoszczynski.pl\/wp-content\/uploads\/2025\/01\/DSC00414-200x300.jpg\" class=\"attachment-medium size-medium\" alt=\"\" srcset=\"https:\/\/mariuszmoszczynski.pl\/wp-content\/uploads\/2025\/01\/DSC00414-200x300.jpg 200w, https:\/\/mariuszmoszczynski.pl\/wp-content\/uploads\/2025\/01\/DSC00414-683x1024.jpg 683w, https:\/\/mariuszmoszczynski.pl\/wp-content\/uploads\/2025\/01\/DSC00414-768x1152.jpg 768w, https:\/\/mariuszmoszczynski.pl\/wp-content\/uploads\/2025\/01\/DSC00414-1024x1536.jpg 1024w, https:\/\/mariuszmoszczynski.pl\/wp-content\/uploads\/2025\/01\/DSC00414-1365x2048.jpg 1365w, https:\/\/mariuszmoszczynski.pl\/wp-content\/uploads\/2025\/01\/DSC00414-500x750.jpg 500w, https:\/\/mariuszmoszczynski.pl\/wp-content\/uploads\/2025\/01\/DSC00414-800x1200.jpg 800w, https:\/\/mariuszmoszczynski.pl\/wp-content\/uploads\/2025\/01\/DSC00414-1280x1920.jpg 1280w, https:\/\/mariuszmoszczynski.pl\/wp-content\/uploads\/2025\/01\/DSC00414-1920x2880.jpg 1920w, https:\/\/mariuszmoszczynski.pl\/wp-content\/uploads\/2025\/01\/DSC00414-scaled.jpg 1707w\" sizes=\"(max-width: 200px) 100vw, 200px\" \/><\/a>\n\t\t\t<\/dt><\/dl><dl class='gallery-item'>\n\t\t\t<dt class='gallery-icon landscape'>\n\t\t\t\t<a data-elementor-open-lightbox=\"yes\" data-elementor-lightbox-slideshow=\"084c37d\" data-elementor-lightbox-title=\"DSC00419\" data-e-action-hash=\"#elementor-action%3Aaction%3Dlightbox%26settings%3DeyJpZCI6MTUwMiwidXJsIjoiaHR0cHM6XC9cL21hcml1c3ptb3N6Y3p5bnNraS5wbFwvd3AtY29udGVudFwvdXBsb2Fkc1wvMjAyNVwvMDFcL0RTQzAwNDE5LTEuanBnIiwic2xpZGVzaG93IjoiMDg0YzM3ZCJ9\" href='https:\/\/mariuszmoszczynski.pl\/wp-content\/uploads\/2025\/01\/DSC00419-1.jpg'><img loading=\"lazy\" decoding=\"async\" width=\"300\" height=\"200\" src=\"https:\/\/mariuszmoszczynski.pl\/wp-content\/uploads\/2025\/01\/DSC00419-1-300x200.jpg\" class=\"attachment-medium size-medium\" alt=\"\" srcset=\"https:\/\/mariuszmoszczynski.pl\/wp-content\/uploads\/2025\/01\/DSC00419-1-300x200.jpg 300w, https:\/\/mariuszmoszczynski.pl\/wp-content\/uploads\/2025\/01\/DSC00419-1-1024x683.jpg 1024w, https:\/\/mariuszmoszczynski.pl\/wp-content\/uploads\/2025\/01\/DSC00419-1-768x512.jpg 768w, https:\/\/mariuszmoszczynski.pl\/wp-content\/uploads\/2025\/01\/DSC00419-1-1536x1024.jpg 1536w, https:\/\/mariuszmoszczynski.pl\/wp-content\/uploads\/2025\/01\/DSC00419-1-2048x1366.jpg 2048w, https:\/\/mariuszmoszczynski.pl\/wp-content\/uploads\/2025\/01\/DSC00419-1-500x333.jpg 500w, https:\/\/mariuszmoszczynski.pl\/wp-content\/uploads\/2025\/01\/DSC00419-1-800x533.jpg 800w, https:\/\/mariuszmoszczynski.pl\/wp-content\/uploads\/2025\/01\/DSC00419-1-1280x854.jpg 1280w, https:\/\/mariuszmoszczynski.pl\/wp-content\/uploads\/2025\/01\/DSC00419-1-1920x1280.jpg 1920w\" sizes=\"(max-width: 300px) 100vw, 300px\" \/><\/a>\n\t\t\t<\/dt><\/dl><dl class='gallery-item'>\n\t\t\t<dt class='gallery-icon landscape'>\n\t\t\t\t<a data-elementor-open-lightbox=\"yes\" data-elementor-lightbox-slideshow=\"084c37d\" data-elementor-lightbox-title=\"DSC00411\" data-e-action-hash=\"#elementor-action%3Aaction%3Dlightbox%26settings%3DeyJpZCI6MTQ5NywidXJsIjoiaHR0cHM6XC9cL21hcml1c3ptb3N6Y3p5bnNraS5wbFwvd3AtY29udGVudFwvdXBsb2Fkc1wvMjAyNVwvMDFcL0RTQzAwNDExLTEuanBnIiwic2xpZGVzaG93IjoiMDg0YzM3ZCJ9\" href='https:\/\/mariuszmoszczynski.pl\/wp-content\/uploads\/2025\/01\/DSC00411-1.jpg'><img loading=\"lazy\" decoding=\"async\" width=\"300\" height=\"200\" src=\"https:\/\/mariuszmoszczynski.pl\/wp-content\/uploads\/2025\/01\/DSC00411-1-300x200.jpg\" class=\"attachment-medium size-medium\" alt=\"\" srcset=\"https:\/\/mariuszmoszczynski.pl\/wp-content\/uploads\/2025\/01\/DSC00411-1-300x200.jpg 300w, https:\/\/mariuszmoszczynski.pl\/wp-content\/uploads\/2025\/01\/DSC00411-1-1024x683.jpg 1024w, https:\/\/mariuszmoszczynski.pl\/wp-content\/uploads\/2025\/01\/DSC00411-1-768x512.jpg 768w, https:\/\/mariuszmoszczynski.pl\/wp-content\/uploads\/2025\/01\/DSC00411-1-1536x1024.jpg 1536w, https:\/\/mariuszmoszczynski.pl\/wp-content\/uploads\/2025\/01\/DSC00411-1-2048x1366.jpg 2048w, https:\/\/mariuszmoszczynski.pl\/wp-content\/uploads\/2025\/01\/DSC00411-1-500x333.jpg 500w, https:\/\/mariuszmoszczynski.pl\/wp-content\/uploads\/2025\/01\/DSC00411-1-800x533.jpg 800w, https:\/\/mariuszmoszczynski.pl\/wp-content\/uploads\/2025\/01\/DSC00411-1-1280x854.jpg 1280w, https:\/\/mariuszmoszczynski.pl\/wp-content\/uploads\/2025\/01\/DSC00411-1-1920x1280.jpg 1920w\" sizes=\"(max-width: 300px) 100vw, 300px\" \/><\/a>\n\t\t\t<\/dt><\/dl><dl class='gallery-item'>\n\t\t\t<dt class='gallery-icon landscape'>\n\t\t\t\t<a data-elementor-open-lightbox=\"yes\" data-elementor-lightbox-slideshow=\"084c37d\" data-elementor-lightbox-title=\"DSC00408\" data-e-action-hash=\"#elementor-action%3Aaction%3Dlightbox%26settings%3DeyJpZCI6MTQ5NSwidXJsIjoiaHR0cHM6XC9cL21hcml1c3ptb3N6Y3p5bnNraS5wbFwvd3AtY29udGVudFwvdXBsb2Fkc1wvMjAyNVwvMDFcL0RTQzAwNDA4LTEuanBnIiwic2xpZGVzaG93IjoiMDg0YzM3ZCJ9\" href='https:\/\/mariuszmoszczynski.pl\/wp-content\/uploads\/2025\/01\/DSC00408-1.jpg'><img loading=\"lazy\" decoding=\"async\" width=\"300\" height=\"200\" src=\"https:\/\/mariuszmoszczynski.pl\/wp-content\/uploads\/2025\/01\/DSC00408-1-300x200.jpg\" class=\"attachment-medium size-medium\" alt=\"\" srcset=\"https:\/\/mariuszmoszczynski.pl\/wp-content\/uploads\/2025\/01\/DSC00408-1-300x200.jpg 300w, https:\/\/mariuszmoszczynski.pl\/wp-content\/uploads\/2025\/01\/DSC00408-1-1024x683.jpg 1024w, https:\/\/mariuszmoszczynski.pl\/wp-content\/uploads\/2025\/01\/DSC00408-1-768x512.jpg 768w, https:\/\/mariuszmoszczynski.pl\/wp-content\/uploads\/2025\/01\/DSC00408-1-1536x1024.jpg 1536w, https:\/\/mariuszmoszczynski.pl\/wp-content\/uploads\/2025\/01\/DSC00408-1-2048x1366.jpg 2048w, https:\/\/mariuszmoszczynski.pl\/wp-content\/uploads\/2025\/01\/DSC00408-1-500x333.jpg 500w, https:\/\/mariuszmoszczynski.pl\/wp-content\/uploads\/2025\/01\/DSC00408-1-800x533.jpg 800w, https:\/\/mariuszmoszczynski.pl\/wp-content\/uploads\/2025\/01\/DSC00408-1-1280x854.jpg 1280w, https:\/\/mariuszmoszczynski.pl\/wp-content\/uploads\/2025\/01\/DSC00408-1-1920x1280.jpg 1920w\" sizes=\"(max-width: 300px) 100vw, 300px\" \/><\/a>\n\t\t\t<\/dt><\/dl><br style=\"clear: both\" \/>\n\t\t<\/div>\n\t\t<\/div>\n\t\t\t\t\t\t<\/div>\n\t\t\t\t<\/div>\n\t\t\t\t\t<\/div>\n\t\t\t\t<\/div>\n\t\t<div class=\"elementor-element elementor-element-2e77a3b e-flex e-con-boxed e-con e-parent\" data-id=\"2e77a3b\" data-element_type=\"container\">\n\t\t\t\t\t<div class=\"e-con-inner\">\n\t\t\t\t<div class=\"elementor-element elementor-element-cef54f8 elementor-widget elementor-widget-spacer\" data-id=\"cef54f8\" data-element_type=\"widget\" data-widget_type=\"spacer.default\">\n\t\t\t\t<div class=\"elementor-widget-container\">\n\t\t\t\t\t\t\t<div class=\"elementor-spacer\">\n\t\t\t<div class=\"elementor-spacer-inner\"><\/div>\n\t\t<\/div>\n\t\t\t\t\t\t<\/div>\n\t\t\t\t<\/div>\n\t\t\t\t\t<\/div>\n\t\t\t\t<\/div>\n\t\t\t\t<\/div>\n\t\t","protected":false},"excerpt":{"rendered":"<p>Ci\u0119\u017cki dym Taniec w chmurach Taniec w chmurach \u00a0 Chcesz doda\u0107 swojej uroczysto\u015bci wyj\u0105tkowego, bajkowego klimatu? Ci\u0119\u017cki dym to idealny spos\u00f3b aby stworzy\u0107 niezapomnian\u0105 atmosfer\u0119 i sprawi\u0107 by ka\u017cdy moment sta\u0142 si\u0119 magiczny\u2026 Ci\u0119\u017cki dym jest efektem wizualnym, stworzonym przez profesjonaln\u0105 wytwornic\u0119 ci\u0119\u017ckiego dymu na suchy l\u00f3d VIPER V PRO. Model ten wyr\u00f3\u017cnia si\u0119 mo\u017cliwo\u015bci\u0105 [&hellip;]<\/p>\n","protected":false},"author":2,"featured_media":0,"parent":0,"menu_order":0,"comment_status":"closed","ping_status":"closed","template":"elementor_header_footer","meta":{"_monsterinsights_skip_tracking":false,"_monsterinsights_sitenote_active":false,"_monsterinsights_sitenote_note":"","_monsterinsights_sitenote_category":0,"ngg_post_thumbnail":0,"_vp_format_video_url":"","_vp_image_focal_point":[],"footnotes":""},"class_list":["post-1274","page","type-page","status-publish","hentry"],"aioseo_notices":[],"_links":{"self":[{"href":"https:\/\/mariuszmoszczynski.pl\/index.php?rest_route=\/wp\/v2\/pages\/1274","targetHints":{"allow":["GET"]}}],"collection":[{"href":"https:\/\/mariuszmoszczynski.pl\/index.php?rest_route=\/wp\/v2\/pages"}],"about":[{"href":"https:\/\/mariuszmoszczynski.pl\/index.php?rest_route=\/wp\/v2\/types\/page"}],"author":[{"embeddable":true,"href":"https:\/\/mariuszmoszczynski.pl\/index.php?rest_route=\/wp\/v2\/users\/2"}],"replies":[{"embeddable":true,"href":"https:\/\/mariuszmoszczynski.pl\/index.php?rest_route=%2Fwp%2Fv2%2Fcomments&post=1274"}],"version-history":[{"count":55,"href":"https:\/\/mariuszmoszczynski.pl\/index.php?rest_route=\/wp\/v2\/pages\/1274\/revisions"}],"predecessor-version":[{"id":1825,"href":"https:\/\/mariuszmoszczynski.pl\/index.php?rest_route=\/wp\/v2\/pages\/1274\/revisions\/1825"}],"wp:attachment":[{"href":"https:\/\/mariuszmoszczynski.pl\/index.php?rest_route=%2Fwp%2Fv2%2Fmedia&parent=1274"}],"curies":[{"name":"wp","href":"https:\/\/api.w.org\/{rel}","templated":true}]}}